{"id":188307,"date":"2025-11-06T17:54:48","date_gmt":"2025-11-06T15:54:48","guid":{"rendered":"https:\/\/bahus.ee\/?post_type=product&#038;p=188307"},"modified":"2025-11-06T17:54:48","modified_gmt":"2025-11-06T15:54:48","slug":"kupsetatud-komplekt-24-tk","status":"publish","type":"product","link":"https:\/\/bahus.ee\/ru\/toode\/kupsetatud-komplekt-24-tk\/","title":{"rendered":"K\u00fcpsetatud Komplekt (24 tk)"},"content":{"rendered":"<p>K\u00fcpsetatud Krabist ja L\u00f5hest Rull (8tk),  K\u00fcpsetatud Krevettirull (8tk), K\u00fcpsetatud L\u00f5herull (8tk)<\/p>\n","protected":false},"excerpt":{"rendered":"<p>K\u00fcpsetatud Krabist ja L\u00f5hest Rull (8tk), K\u00fcpsetatud Krevettirull (8tk), K\u00fcpsetatud L\u00f5herull (8tk)<\/p>\n","protected":false},"featured_media":188308,"comment_status":"closed","ping_status":"closed","template":"","meta":[],"product_cat":[17437],"product_tag":[],"class_list":["post-188307","product","type-product","status-publish","has-post-thumbnail","hentry","product_cat-uus-sushi-menuu"],"jetpack_sharing_enabled":true,"_links":{"self":[{"href":"https:\/\/bahus.ee\/ru\/wp-json\/wp\/v2\/product\/188307\/"}],"collection":[{"href":"https:\/\/bahus.ee\/ru\/wp-json\/wp\/v2\/product\/"}],"about":[{"href":"https:\/\/bahus.ee\/ru\/wp-json\/wp\/v2\/types\/product\/"}],"replies":[{"embeddable":true,"href":"https:\/\/bahus.ee\/ru\/wp-json\/wp\/v2\/comments\/?post=188307"}],"wp:featuredmedia":[{"embeddable":true,"href":"https:\/\/bahus.ee\/ru\/wp-json\/wp\/v2\/media\/188308\/"}],"wp:attachment":[{"href":"https:\/\/bahus.ee\/ru\/wp-json\/wp\/v2\/media\/?parent=188307"}],"wp:term":[{"taxonomy":"product_cat","embeddable":true,"href":"https:\/\/bahus.ee\/ru\/wp-json\/wp\/v2\/product_cat\/?post=188307"},{"taxonomy":"product_tag","embeddable":true,"href":"https:\/\/bahus.ee\/ru\/wp-json\/wp\/v2\/product_tag\/?post=188307"}],"curies":[{"name":"wp","href":"https:\/\/api.w.org\/{rel}","templated":true}]}}