{"id":188287,"date":"2025-11-06T17:51:08","date_gmt":"2025-11-06T15:51:08","guid":{"rendered":"https:\/\/bahus.ee\/?post_type=product&#038;p=188287"},"modified":"2025-11-06T17:51:08","modified_gmt":"2025-11-06T15:51:08","slug":"kupsetatud-krabist-ja-lohest-rull","status":"publish","type":"product","link":"https:\/\/bahus.ee\/ru\/toode\/kupsetatud-krabist-ja-lohest-rull\/","title":{"rendered":"K\u00fcpsetatud Krabist ja L\u00f5hest Rull"},"content":{"rendered":"<p>Nori, riis, l\u00f5hefilee, avokaado, toorjuust, krabitarter, keskmise v\u00fcrtsikusega kaste, eriliselt maitsestatud kaste, roheline sibul, seesamiseemned, sibulakr\u00f5psud<\/p>\n","protected":false},"excerpt":{"rendered":"<p>Nori, riis, l\u00f5hefilee, avokaado, toorjuust, krabitarter, keskmise v\u00fcrtsikusega kaste, eriliselt maitsestatud kaste, roheline sibul, seesamiseemned, sibulakr\u00f5psud<\/p>\n","protected":false},"featured_media":188288,"comment_status":"closed","ping_status":"closed","template":"","meta":[],"product_cat":[17437],"product_tag":[],"class_list":["post-188287","product","type-product","status-publish","has-post-thumbnail","hentry","product_cat-uus-sushi-menuu"],"jetpack_sharing_enabled":true,"_links":{"self":[{"href":"https:\/\/bahus.ee\/ru\/wp-json\/wp\/v2\/product\/188287\/"}],"collection":[{"href":"https:\/\/bahus.ee\/ru\/wp-json\/wp\/v2\/product\/"}],"about":[{"href":"https:\/\/bahus.ee\/ru\/wp-json\/wp\/v2\/types\/product\/"}],"replies":[{"embeddable":true,"href":"https:\/\/bahus.ee\/ru\/wp-json\/wp\/v2\/comments\/?post=188287"}],"wp:featuredmedia":[{"embeddable":true,"href":"https:\/\/bahus.ee\/ru\/wp-json\/wp\/v2\/media\/188288\/"}],"wp:attachment":[{"href":"https:\/\/bahus.ee\/ru\/wp-json\/wp\/v2\/media\/?parent=188287"}],"wp:term":[{"taxonomy":"product_cat","embeddable":true,"href":"https:\/\/bahus.ee\/ru\/wp-json\/wp\/v2\/product_cat\/?post=188287"},{"taxonomy":"product_tag","embeddable":true,"href":"https:\/\/bahus.ee\/ru\/wp-json\/wp\/v2\/product_tag\/?post=188287"}],"curies":[{"name":"wp","href":"https:\/\/api.w.org\/{rel}","templated":true}]}}