{"id":188093,"date":"2025-09-04T00:50:52","date_gmt":"2025-09-03T21:50:52","guid":{"rendered":"https:\/\/bahus.ee\/toode\/briottet-creme-de-cassis-de-dijon-creme-20-cruchon-pudel\/"},"modified":"2025-09-04T00:50:52","modified_gmt":"2025-09-03T21:50:52","slug":"briottet-creme-de-cassis-de-dijon-creme-20-cruchon-pudel","status":"publish","type":"product","link":"https:\/\/bahus.ee\/ru\/toode\/briottet-creme-de-cassis-de-dijon-creme-20-cruchon-pudel\/","title":{"rendered":"Briottet Cr\u00e8me De Cassis De Dijon (cr\u00e8me) 20% &#8212; Cruchon Pudel"},"content":{"rendered":"<p>Lik\u00f6\u00f6r, 20%, 50 cl, France<\/p>\n","protected":false},"excerpt":{"rendered":"<p>Lik\u00f6\u00f6r, 20%, 50 cl, France<\/p>\n","protected":false},"featured_media":188090,"comment_status":"open","ping_status":"closed","template":"","meta":[],"product_cat":[2944],"product_tag":[],"class_list":["post-188093","product","type-product","status-publish","has-post-thumbnail","hentry","product_cat-likoor-ru"],"jetpack_sharing_enabled":true,"_links":{"self":[{"href":"https:\/\/bahus.ee\/ru\/wp-json\/wp\/v2\/product\/188093\/"}],"collection":[{"href":"https:\/\/bahus.ee\/ru\/wp-json\/wp\/v2\/product\/"}],"about":[{"href":"https:\/\/bahus.ee\/ru\/wp-json\/wp\/v2\/types\/product\/"}],"replies":[{"embeddable":true,"href":"https:\/\/bahus.ee\/ru\/wp-json\/wp\/v2\/comments\/?post=188093"}],"wp:featuredmedia":[{"embeddable":true,"href":"https:\/\/bahus.ee\/ru\/wp-json\/wp\/v2\/media\/188090\/"}],"wp:attachment":[{"href":"https:\/\/bahus.ee\/ru\/wp-json\/wp\/v2\/media\/?parent=188093"}],"wp:term":[{"taxonomy":"product_cat","embeddable":true,"href":"https:\/\/bahus.ee\/ru\/wp-json\/wp\/v2\/product_cat\/?post=188093"},{"taxonomy":"product_tag","embeddable":true,"href":"https:\/\/bahus.ee\/ru\/wp-json\/wp\/v2\/product_tag\/?post=188093"}],"curies":[{"name":"wp","href":"https:\/\/api.w.org\/{rel}","templated":true}]}}