{"id":184617,"date":"2025-09-04T00:32:46","date_gmt":"2025-09-03T21:32:46","guid":{"rendered":"https:\/\/bahus.ee\/toode\/apelsini-likoor-50-cl-pet\/"},"modified":"2025-09-04T00:32:46","modified_gmt":"2025-09-03T21:32:46","slug":"apelsini-likoor-50-cl-pet","status":"publish","type":"product","link":"https:\/\/bahus.ee\/ru\/toode\/apelsini-likoor-50-cl-pet\/","title":{"rendered":"Apelsini Lik\u00f6\u00f6r 50 Cl Pet"},"content":{"rendered":"<p>Lik\u00f6\u00f6r, 18%, 50 cl<\/p>\n","protected":false},"excerpt":{"rendered":"<p>Lik\u00f6\u00f6r, 18%, 50 cl<\/p>\n","protected":false},"featured_media":184614,"comment_status":"open","ping_status":"closed","template":"","meta":[],"product_cat":[2944],"product_tag":[],"class_list":["post-184617","product","type-product","status-publish","has-post-thumbnail","hentry","product_cat-likoor-ru"],"jetpack_sharing_enabled":true,"_links":{"self":[{"href":"https:\/\/bahus.ee\/ru\/wp-json\/wp\/v2\/product\/184617\/"}],"collection":[{"href":"https:\/\/bahus.ee\/ru\/wp-json\/wp\/v2\/product\/"}],"about":[{"href":"https:\/\/bahus.ee\/ru\/wp-json\/wp\/v2\/types\/product\/"}],"replies":[{"embeddable":true,"href":"https:\/\/bahus.ee\/ru\/wp-json\/wp\/v2\/comments\/?post=184617"}],"wp:featuredmedia":[{"embeddable":true,"href":"https:\/\/bahus.ee\/ru\/wp-json\/wp\/v2\/media\/184614\/"}],"wp:attachment":[{"href":"https:\/\/bahus.ee\/ru\/wp-json\/wp\/v2\/media\/?parent=184617"}],"wp:term":[{"taxonomy":"product_cat","embeddable":true,"href":"https:\/\/bahus.ee\/ru\/wp-json\/wp\/v2\/product_cat\/?post=184617"},{"taxonomy":"product_tag","embeddable":true,"href":"https:\/\/bahus.ee\/ru\/wp-json\/wp\/v2\/product_tag\/?post=184617"}],"curies":[{"name":"wp","href":"https:\/\/api.w.org\/{rel}","templated":true}]}}