{"id":179890,"date":"2025-09-03T23:39:47","date_gmt":"2025-09-03T20:39:47","guid":{"rendered":"https:\/\/bahus.ee\/toode\/kochi-johvika-21-50cl-tk\/"},"modified":"2025-09-03T23:39:47","modified_gmt":"2025-09-03T20:39:47","slug":"kochi-johvika-21-50cl-tk","status":"publish","type":"product","link":"https:\/\/bahus.ee\/ru\/toode\/kochi-johvika-21-50cl-tk\/","title":{"rendered":"Kochi J\u00f5hvika 21% 50cl (tk)"},"content":{"rendered":"<p>Lik\u00f6\u00f6r, 21%, 50 cl<\/p>\n","protected":false},"excerpt":{"rendered":"<p>Lik\u00f6\u00f6r, 21%, 50 cl<\/p>\n","protected":false},"featured_media":179887,"comment_status":"open","ping_status":"closed","template":"","meta":[],"product_cat":[2944],"product_tag":[],"class_list":["post-179890","product","type-product","status-publish","has-post-thumbnail","hentry","product_cat-likoor-ru"],"jetpack_sharing_enabled":true,"_links":{"self":[{"href":"https:\/\/bahus.ee\/ru\/wp-json\/wp\/v2\/product\/179890\/"}],"collection":[{"href":"https:\/\/bahus.ee\/ru\/wp-json\/wp\/v2\/product\/"}],"about":[{"href":"https:\/\/bahus.ee\/ru\/wp-json\/wp\/v2\/types\/product\/"}],"replies":[{"embeddable":true,"href":"https:\/\/bahus.ee\/ru\/wp-json\/wp\/v2\/comments\/?post=179890"}],"wp:featuredmedia":[{"embeddable":true,"href":"https:\/\/bahus.ee\/ru\/wp-json\/wp\/v2\/media\/179887\/"}],"wp:attachment":[{"href":"https:\/\/bahus.ee\/ru\/wp-json\/wp\/v2\/media\/?parent=179890"}],"wp:term":[{"taxonomy":"product_cat","embeddable":true,"href":"https:\/\/bahus.ee\/ru\/wp-json\/wp\/v2\/product_cat\/?post=179890"},{"taxonomy":"product_tag","embeddable":true,"href":"https:\/\/bahus.ee\/ru\/wp-json\/wp\/v2\/product_tag\/?post=179890"}],"curies":[{"name":"wp","href":"https:\/\/api.w.org\/{rel}","templated":true}]}}