{"id":179878,"date":"2025-09-03T23:39:44","date_gmt":"2025-09-03T20:39:44","guid":{"rendered":"https:\/\/bahus.ee\/toode\/jagermeister-35-20cl-tk\/"},"modified":"2025-09-03T23:39:44","modified_gmt":"2025-09-03T20:39:44","slug":"jagermeister-35-20cl-tk","status":"publish","type":"product","link":"https:\/\/bahus.ee\/ru\/toode\/jagermeister-35-20cl-tk\/","title":{"rendered":"J\u00e4germeister 35% 20cl (tk)"},"content":{"rendered":"<p>Lik\u00f6\u00f6r, 35%, 20 cl<\/p>\n","protected":false},"excerpt":{"rendered":"<p>Lik\u00f6\u00f6r, 35%, 20 cl<\/p>\n","protected":false},"featured_media":179875,"comment_status":"open","ping_status":"closed","template":"","meta":[],"product_cat":[2944],"product_tag":[],"class_list":["post-179878","product","type-product","status-publish","has-post-thumbnail","hentry","product_cat-likoor-ru"],"jetpack_sharing_enabled":true,"_links":{"self":[{"href":"https:\/\/bahus.ee\/ru\/wp-json\/wp\/v2\/product\/179878\/"}],"collection":[{"href":"https:\/\/bahus.ee\/ru\/wp-json\/wp\/v2\/product\/"}],"about":[{"href":"https:\/\/bahus.ee\/ru\/wp-json\/wp\/v2\/types\/product\/"}],"replies":[{"embeddable":true,"href":"https:\/\/bahus.ee\/ru\/wp-json\/wp\/v2\/comments\/?post=179878"}],"wp:featuredmedia":[{"embeddable":true,"href":"https:\/\/bahus.ee\/ru\/wp-json\/wp\/v2\/media\/179875\/"}],"wp:attachment":[{"href":"https:\/\/bahus.ee\/ru\/wp-json\/wp\/v2\/media\/?parent=179878"}],"wp:term":[{"taxonomy":"product_cat","embeddable":true,"href":"https:\/\/bahus.ee\/ru\/wp-json\/wp\/v2\/product_cat\/?post=179878"},{"taxonomy":"product_tag","embeddable":true,"href":"https:\/\/bahus.ee\/ru\/wp-json\/wp\/v2\/product_tag\/?post=179878"}],"curies":[{"name":"wp","href":"https:\/\/api.w.org\/{rel}","templated":true}]}}