{"id":178486,"date":"2025-09-03T23:33:47","date_gmt":"2025-09-03T20:33:47","guid":{"rendered":"https:\/\/bahus.ee\/toode\/saaremaa-poorioo-40-50cl-tk\/"},"modified":"2025-09-03T23:33:47","modified_gmt":"2025-09-03T20:33:47","slug":"saaremaa-poorioo-40-50cl-tk","status":"publish","type":"product","link":"https:\/\/bahus.ee\/ru\/toode\/saaremaa-poorioo-40-50cl-tk\/","title":{"rendered":"Saaremaa P\u00f6\u00f6ri\u00f6\u00f6 40% 50cl (tk)"},"content":{"rendered":"<p>Viin, 40%, 50 cl<\/p>\n","protected":false},"excerpt":{"rendered":"<p>Viin, 40%, 50 cl<\/p>\n","protected":false},"featured_media":178483,"comment_status":"open","ping_status":"closed","template":"","meta":[],"product_cat":[2968],"product_tag":[],"class_list":["post-178486","product","type-product","status-publish","has-post-thumbnail","hentry","product_cat-viin-ru"],"jetpack_sharing_enabled":true,"_links":{"self":[{"href":"https:\/\/bahus.ee\/ru\/wp-json\/wp\/v2\/product\/178486\/"}],"collection":[{"href":"https:\/\/bahus.ee\/ru\/wp-json\/wp\/v2\/product\/"}],"about":[{"href":"https:\/\/bahus.ee\/ru\/wp-json\/wp\/v2\/types\/product\/"}],"replies":[{"embeddable":true,"href":"https:\/\/bahus.ee\/ru\/wp-json\/wp\/v2\/comments\/?post=178486"}],"wp:featuredmedia":[{"embeddable":true,"href":"https:\/\/bahus.ee\/ru\/wp-json\/wp\/v2\/media\/178483\/"}],"wp:attachment":[{"href":"https:\/\/bahus.ee\/ru\/wp-json\/wp\/v2\/media\/?parent=178486"}],"wp:term":[{"taxonomy":"product_cat","embeddable":true,"href":"https:\/\/bahus.ee\/ru\/wp-json\/wp\/v2\/product_cat\/?post=178486"},{"taxonomy":"product_tag","embeddable":true,"href":"https:\/\/bahus.ee\/ru\/wp-json\/wp\/v2\/product_tag\/?post=178486"}],"curies":[{"name":"wp","href":"https:\/\/api.w.org\/{rel}","templated":true}]}}