{"id":177890,"date":"2025-09-03T23:31:37","date_gmt":"2025-09-03T20:31:37","guid":{"rendered":"https:\/\/bahus.ee\/toode\/poltsamaa-kuldne-glogi-14-70cl\/"},"modified":"2025-09-03T23:31:37","modified_gmt":"2025-09-03T20:31:37","slug":"poltsamaa-kuldne-glogi-14-70cl","status":"publish","type":"product","link":"https:\/\/bahus.ee\/ru\/toode\/poltsamaa-kuldne-glogi-14-70cl\/","title":{"rendered":"P\u00f5ltsamaa Kuldne Gl\u00f6gi 14% 70cl"},"content":{"rendered":"<p>H\u00f5\u00f5gvein, 14%, 70 cl<\/p>\n","protected":false},"excerpt":{"rendered":"<p>H\u00f5\u00f5gvein, 14%, 70 cl<\/p>\n","protected":false},"featured_media":177887,"comment_status":"open","ping_status":"closed","template":"","meta":[],"product_cat":[17462],"product_tag":[],"class_list":["post-177890","product","type-product","status-publish","has-post-thumbnail","hentry","product_cat-hoogvein"],"jetpack_sharing_enabled":true,"_links":{"self":[{"href":"https:\/\/bahus.ee\/ru\/wp-json\/wp\/v2\/product\/177890\/"}],"collection":[{"href":"https:\/\/bahus.ee\/ru\/wp-json\/wp\/v2\/product\/"}],"about":[{"href":"https:\/\/bahus.ee\/ru\/wp-json\/wp\/v2\/types\/product\/"}],"replies":[{"embeddable":true,"href":"https:\/\/bahus.ee\/ru\/wp-json\/wp\/v2\/comments\/?post=177890"}],"wp:featuredmedia":[{"embeddable":true,"href":"https:\/\/bahus.ee\/ru\/wp-json\/wp\/v2\/media\/177887\/"}],"wp:attachment":[{"href":"https:\/\/bahus.ee\/ru\/wp-json\/wp\/v2\/media\/?parent=177890"}],"wp:term":[{"taxonomy":"product_cat","embeddable":true,"href":"https:\/\/bahus.ee\/ru\/wp-json\/wp\/v2\/product_cat\/?post=177890"},{"taxonomy":"product_tag","embeddable":true,"href":"https:\/\/bahus.ee\/ru\/wp-json\/wp\/v2\/product_tag\/?post=177890"}],"curies":[{"name":"wp","href":"https:\/\/api.w.org\/{rel}","templated":true}]}}