{"id":175014,"date":"2025-09-03T23:17:26","date_gmt":"2025-09-03T20:17:26","guid":{"rendered":"https:\/\/bahus.ee\/toode\/marques-de-grinon-svmma-varietalis-dominio-de-valdepusa-2020\/"},"modified":"2025-09-03T23:17:26","modified_gmt":"2025-09-03T20:17:26","slug":"marques-de-grinon-svmma-varietalis-dominio-de-valdepusa-2020","status":"publish","type":"product","link":"https:\/\/bahus.ee\/ru\/toode\/marques-de-grinon-svmma-varietalis-dominio-de-valdepusa-2020\/","title":{"rendered":"Marqu\u00e9s de Gri\u00f1\u00f3n Svmma Varietalis Dominio De Valdepusa 2020"},"content":{"rendered":"<p>Veinid, 14%, 75 cl, Spain<\/p>\n","protected":false},"excerpt":{"rendered":"<p>Veinid, 14%, 75 cl, Spain<\/p>\n","protected":false},"featured_media":175011,"comment_status":"open","ping_status":"closed","template":"","meta":[],"product_cat":[17472],"product_tag":[],"class_list":["post-175014","product","type-product","status-publish","has-post-thumbnail","hentry","product_cat-veinid"],"jetpack_sharing_enabled":true,"_links":{"self":[{"href":"https:\/\/bahus.ee\/ru\/wp-json\/wp\/v2\/product\/175014\/"}],"collection":[{"href":"https:\/\/bahus.ee\/ru\/wp-json\/wp\/v2\/product\/"}],"about":[{"href":"https:\/\/bahus.ee\/ru\/wp-json\/wp\/v2\/types\/product\/"}],"replies":[{"embeddable":true,"href":"https:\/\/bahus.ee\/ru\/wp-json\/wp\/v2\/comments\/?post=175014"}],"wp:featuredmedia":[{"embeddable":true,"href":"https:\/\/bahus.ee\/ru\/wp-json\/wp\/v2\/media\/175011\/"}],"wp:attachment":[{"href":"https:\/\/bahus.ee\/ru\/wp-json\/wp\/v2\/media\/?parent=175014"}],"wp:term":[{"taxonomy":"product_cat","embeddable":true,"href":"https:\/\/bahus.ee\/ru\/wp-json\/wp\/v2\/product_cat\/?post=175014"},{"taxonomy":"product_tag","embeddable":true,"href":"https:\/\/bahus.ee\/ru\/wp-json\/wp\/v2\/product_tag\/?post=175014"}],"curies":[{"name":"wp","href":"https:\/\/api.w.org\/{rel}","templated":true}]}}