{"id":174078,"date":"2025-09-03T23:13:39","date_gmt":"2025-09-03T20:13:39","guid":{"rendered":"https:\/\/bahus.ee\/toode\/marques-de-grinon-graciano-dominio-de-valdepusa-2019\/"},"modified":"2025-09-03T23:13:39","modified_gmt":"2025-09-03T20:13:39","slug":"marques-de-grinon-graciano-dominio-de-valdepusa-2019","status":"publish","type":"product","link":"https:\/\/bahus.ee\/ru\/toode\/marques-de-grinon-graciano-dominio-de-valdepusa-2019\/","title":{"rendered":"Marqu\u00e9s de Gri\u00f1\u00f3n Graciano Dominio De Valdepusa 2019"},"content":{"rendered":"<p>Veinid, 14%, 75 cl, Spain<\/p>\n","protected":false},"excerpt":{"rendered":"<p>Veinid, 14%, 75 cl, Spain<\/p>\n","protected":false},"featured_media":174075,"comment_status":"open","ping_status":"closed","template":"","meta":[],"product_cat":[17472],"product_tag":[],"class_list":["post-174078","product","type-product","status-publish","has-post-thumbnail","hentry","product_cat-veinid"],"jetpack_sharing_enabled":true,"_links":{"self":[{"href":"https:\/\/bahus.ee\/ru\/wp-json\/wp\/v2\/product\/174078\/"}],"collection":[{"href":"https:\/\/bahus.ee\/ru\/wp-json\/wp\/v2\/product\/"}],"about":[{"href":"https:\/\/bahus.ee\/ru\/wp-json\/wp\/v2\/types\/product\/"}],"replies":[{"embeddable":true,"href":"https:\/\/bahus.ee\/ru\/wp-json\/wp\/v2\/comments\/?post=174078"}],"wp:featuredmedia":[{"embeddable":true,"href":"https:\/\/bahus.ee\/ru\/wp-json\/wp\/v2\/media\/174075\/"}],"wp:attachment":[{"href":"https:\/\/bahus.ee\/ru\/wp-json\/wp\/v2\/media\/?parent=174078"}],"wp:term":[{"taxonomy":"product_cat","embeddable":true,"href":"https:\/\/bahus.ee\/ru\/wp-json\/wp\/v2\/product_cat\/?post=174078"},{"taxonomy":"product_tag","embeddable":true,"href":"https:\/\/bahus.ee\/ru\/wp-json\/wp\/v2\/product_tag\/?post=174078"}],"curies":[{"name":"wp","href":"https:\/\/api.w.org\/{rel}","templated":true}]}}