{"id":168874,"date":"2025-09-03T22:51:10","date_gmt":"2025-09-03T19:51:10","guid":{"rendered":"https:\/\/bahus.ee\/toode\/cointreau-40-05l-kaelaraakijaga\/"},"modified":"2025-09-03T22:51:10","modified_gmt":"2025-09-03T19:51:10","slug":"cointreau-40-05l-kaelaraakijaga","status":"publish","type":"product","link":"https:\/\/bahus.ee\/ru\/toode\/cointreau-40-05l-kaelaraakijaga\/","title":{"rendered":"Cointreau 40% 0,5l Kaelar\u00e4\u00e4kijaga"},"content":{"rendered":"<p>Lik\u00f6\u00f6r, 40%, 50 cl, France<\/p>\n","protected":false},"excerpt":{"rendered":"<p>Lik\u00f6\u00f6r, 40%, 50 cl, France<\/p>\n","protected":false},"featured_media":168871,"comment_status":"open","ping_status":"closed","template":"","meta":[],"product_cat":[2944],"product_tag":[],"class_list":["post-168874","product","type-product","status-publish","has-post-thumbnail","hentry","product_cat-likoor-ru"],"jetpack_sharing_enabled":true,"_links":{"self":[{"href":"https:\/\/bahus.ee\/ru\/wp-json\/wp\/v2\/product\/168874\/"}],"collection":[{"href":"https:\/\/bahus.ee\/ru\/wp-json\/wp\/v2\/product\/"}],"about":[{"href":"https:\/\/bahus.ee\/ru\/wp-json\/wp\/v2\/types\/product\/"}],"replies":[{"embeddable":true,"href":"https:\/\/bahus.ee\/ru\/wp-json\/wp\/v2\/comments\/?post=168874"}],"wp:featuredmedia":[{"embeddable":true,"href":"https:\/\/bahus.ee\/ru\/wp-json\/wp\/v2\/media\/168871\/"}],"wp:attachment":[{"href":"https:\/\/bahus.ee\/ru\/wp-json\/wp\/v2\/media\/?parent=168874"}],"wp:term":[{"taxonomy":"product_cat","embeddable":true,"href":"https:\/\/bahus.ee\/ru\/wp-json\/wp\/v2\/product_cat\/?post=168874"},{"taxonomy":"product_tag","embeddable":true,"href":"https:\/\/bahus.ee\/ru\/wp-json\/wp\/v2\/product_tag\/?post=168874"}],"curies":[{"name":"wp","href":"https:\/\/api.w.org\/{rel}","templated":true}]}}