{"id":167016,"date":"2025-09-03T22:43:32","date_gmt":"2025-09-03T19:43:32","guid":{"rendered":"https:\/\/bahus.ee\/toode\/loimu-2024-glogi-75cl\/"},"modified":"2025-09-03T22:43:32","modified_gmt":"2025-09-03T19:43:32","slug":"loimu-2024-glogi-75cl","status":"publish","type":"product","link":"https:\/\/bahus.ee\/ru\/toode\/loimu-2024-glogi-75cl\/","title":{"rendered":"Loimu 2024 Gl\u00f6gi 75cl"},"content":{"rendered":"<p>H\u00f5\u00f5gvein, 15%, 75 cl, Red, Finland<\/p>\n","protected":false},"excerpt":{"rendered":"<p>H\u00f5\u00f5gvein, 15%, 75 cl, Red, Finland<\/p>\n","protected":false},"featured_media":167013,"comment_status":"open","ping_status":"closed","template":"","meta":[],"product_cat":[17462],"product_tag":[],"class_list":["post-167016","product","type-product","status-publish","has-post-thumbnail","hentry","product_cat-hoogvein"],"jetpack_sharing_enabled":true,"_links":{"self":[{"href":"https:\/\/bahus.ee\/ru\/wp-json\/wp\/v2\/product\/167016\/"}],"collection":[{"href":"https:\/\/bahus.ee\/ru\/wp-json\/wp\/v2\/product\/"}],"about":[{"href":"https:\/\/bahus.ee\/ru\/wp-json\/wp\/v2\/types\/product\/"}],"replies":[{"embeddable":true,"href":"https:\/\/bahus.ee\/ru\/wp-json\/wp\/v2\/comments\/?post=167016"}],"wp:featuredmedia":[{"embeddable":true,"href":"https:\/\/bahus.ee\/ru\/wp-json\/wp\/v2\/media\/167013\/"}],"wp:attachment":[{"href":"https:\/\/bahus.ee\/ru\/wp-json\/wp\/v2\/media\/?parent=167016"}],"wp:term":[{"taxonomy":"product_cat","embeddable":true,"href":"https:\/\/bahus.ee\/ru\/wp-json\/wp\/v2\/product_cat\/?post=167016"},{"taxonomy":"product_tag","embeddable":true,"href":"https:\/\/bahus.ee\/ru\/wp-json\/wp\/v2\/product_tag\/?post=167016"}],"curies":[{"name":"wp","href":"https:\/\/api.w.org\/{rel}","templated":true}]}}