{"id":162825,"date":"2025-06-28T10:39:59","date_gmt":"2025-06-28T07:39:59","guid":{"rendered":"https:\/\/bahus.ee\/?post_type=product&#038;p=162825"},"modified":"2025-06-28T10:39:59","modified_gmt":"2025-06-28T07:39:59","slug":"kupsetatud-loherull","status":"publish","type":"product","link":"https:\/\/bahus.ee\/ru\/toode\/kupsetatud-loherull\/","title":{"rendered":"K\u00fcpsetatud L\u00f5herull"},"content":{"rendered":"<p>Nori, sushi riis, krabi tartar, avokaado, toorjuust, l\u00f5he tartar, seesamiseemned, majakastmed, praetud sibulahelbed<\/p>\n","protected":false},"excerpt":{"rendered":"<p>Nori, sushi riis, krabi tartar, avokaado, toorjuust, l\u00f5he tartar, seesamiseemned, majakastmed, praetud sibulahelbed<\/p>\n","protected":false},"featured_media":162826,"comment_status":"closed","ping_status":"closed","template":"","meta":[],"product_cat":[17437],"product_tag":[],"class_list":["post-162825","product","type-product","status-publish","has-post-thumbnail","hentry","product_cat-uus-sushi-menuu"],"jetpack_sharing_enabled":true,"_links":{"self":[{"href":"https:\/\/bahus.ee\/ru\/wp-json\/wp\/v2\/product\/162825\/"}],"collection":[{"href":"https:\/\/bahus.ee\/ru\/wp-json\/wp\/v2\/product\/"}],"about":[{"href":"https:\/\/bahus.ee\/ru\/wp-json\/wp\/v2\/types\/product\/"}],"replies":[{"embeddable":true,"href":"https:\/\/bahus.ee\/ru\/wp-json\/wp\/v2\/comments\/?post=162825"}],"wp:featuredmedia":[{"embeddable":true,"href":"https:\/\/bahus.ee\/ru\/wp-json\/wp\/v2\/media\/162826\/"}],"wp:attachment":[{"href":"https:\/\/bahus.ee\/ru\/wp-json\/wp\/v2\/media\/?parent=162825"}],"wp:term":[{"taxonomy":"product_cat","embeddable":true,"href":"https:\/\/bahus.ee\/ru\/wp-json\/wp\/v2\/product_cat\/?post=162825"},{"taxonomy":"product_tag","embeddable":true,"href":"https:\/\/bahus.ee\/ru\/wp-json\/wp\/v2\/product_tag\/?post=162825"}],"curies":[{"name":"wp","href":"https:\/\/api.w.org\/{rel}","templated":true}]}}