{"id":162768,"date":"2025-06-27T15:31:48","date_gmt":"2025-06-27T12:31:48","guid":{"rendered":"https:\/\/bahus.ee\/?post_type=product&#038;p=162768"},"modified":"2025-06-27T15:31:48","modified_gmt":"2025-06-27T12:31:48","slug":"salasar-cremant-de-limoux-revelation-2022-brut","status":"publish","type":"product","link":"https:\/\/bahus.ee\/ru\/toode\/salasar-cremant-de-limoux-revelation-2022-brut\/","title":{"rendered":"Salasar Cremant De Limoux Revelation 2022 Brut"},"content":{"rendered":"<p><span class=\"relative -mx-px my-[-0.2rem] rounded px-px py-[0.2rem] transition-colors duration-100 ease-in-out\">Salasar Cr\u00e9mant de Limoux R\u00e9v\u00e9lation Brut 2022 is a refined sparkling wine from the Haute-Vall\u00e9e de l\u2019Aude in southern France.<\/span> <span class=\"relative -mx-px my-[-0.2rem] rounded px-px py-[0.2rem] transition-colors duration-100 ease-in-out\">Crafted using the traditional method, it blends 60% Chardonnay, 30% Chenin Blanc, and 10% Pinot Noir.<\/span> <span class=\"relative -mx-px my-[-0.2rem] rounded px-px py-[0.2rem] transition-colors duration-100 ease-in-out\">The wine boasts a pale straw-yellow color and a fine, persistent mousse.<\/span> <span class=\"relative -mx-px my-[-0.2rem] rounded px-px py-[0.2rem] transition-colors duration-100 ease-in-out\">On the nose, it offers aromas of green apple, citrus, and subtle brioche notes.<\/span> <span class=\"relative -mx-px my-[-0.2rem] rounded px-px py-[0.2rem] transition-colors duration-100 ease-in-out\">The palate is fresh and balanced, with a crisp acidity and a clean, dry finish.<\/span> <span class=\"relative -mx-px my-[-0.2rem] rounded px-px py-[0.2rem] transition-colors duration-100 ease-in-out\">Ideal as an aperitif or paired with seafood and light appetizers.<\/span><\/p>\n","protected":false},"excerpt":{"rendered":"<p>Salasar Cr\u00e9mant de Limoux R\u00e9v\u00e9lation Brut 2022 is a refined sparkling wine from the Haute-Vall\u00e9e de l\u2019Aude in southern France.<\/p>\n","protected":false},"featured_media":162772,"comment_status":"closed","ping_status":"closed","template":"","meta":[],"product_cat":[10566],"product_tag":[],"class_list":["post-162768","product","type-product","status-publish","has-post-thumbnail","hentry","product_cat-vahuveinvahuveins","pa_alkoholisisaldus-ja-maht-maht0-75-alkoholisisaldus12","pa_paritolumaa-fr-france","pa_stiil-dry"],"jetpack_sharing_enabled":true,"_links":{"self":[{"href":"https:\/\/bahus.ee\/ru\/wp-json\/wp\/v2\/product\/162768\/"}],"collection":[{"href":"https:\/\/bahus.ee\/ru\/wp-json\/wp\/v2\/product\/"}],"about":[{"href":"https:\/\/bahus.ee\/ru\/wp-json\/wp\/v2\/types\/product\/"}],"replies":[{"embeddable":true,"href":"https:\/\/bahus.ee\/ru\/wp-json\/wp\/v2\/comments\/?post=162768"}],"wp:featuredmedia":[{"embeddable":true,"href":"https:\/\/bahus.ee\/ru\/wp-json\/wp\/v2\/media\/162772\/"}],"wp:attachment":[{"href":"https:\/\/bahus.ee\/ru\/wp-json\/wp\/v2\/media\/?parent=162768"}],"wp:term":[{"taxonomy":"product_cat","embeddable":true,"href":"https:\/\/bahus.ee\/ru\/wp-json\/wp\/v2\/product_cat\/?post=162768"},{"taxonomy":"product_tag","embeddable":true,"href":"https:\/\/bahus.ee\/ru\/wp-json\/wp\/v2\/product_tag\/?post=162768"}],"curies":[{"name":"wp","href":"https:\/\/api.w.org\/{rel}","templated":true}]}}