{"id":162562,"date":"2025-06-16T15:18:08","date_gmt":"2025-06-16T12:18:08","guid":{"rendered":"https:\/\/bahus.ee\/?post_type=product&#038;p=162562"},"modified":"2025-06-16T15:18:09","modified_gmt":"2025-06-16T12:18:09","slug":"atla-distillery-ouna-samakas","status":"publish","type":"product","link":"https:\/\/bahus.ee\/ru\/toode\/atla-distillery-ouna-samakas\/","title":{"rendered":"Atla Distillery \u00d5una Samakas"},"content":{"rendered":"<p><span class=\"relative -mx-px my-[-0.2rem] rounded px-px py-[0.2rem] transition-colors duration-100 ease-in-out\">Atla Distillery \u00d5una Samakas on Eesti k\u00e4sit\u00f6\u00f6na valminud klassikaline \u00f5unapuskar, mille alkoholisisaldus on 59\u202f% vol.<\/span> <span class=\"relative -mx-px my-[-0.2rem] rounded px-px py-[0.2rem] transition-colors duration-100 ease-in-out\">See on destilleeritud parimast \u00f5unaveinist, pakkudes puhtalt \u00f5unast p\u00e4rit maitseelamust.<\/span> <span class=\"relative -mx-px my-[-0.2rem] rounded px-px py-[0.2rem] transition-colors duration-100 ease-in-out\">Aroom on v\u00e4rskelt \u00f5unane, maitse rammus ja samakalik, sobides nautimiseks toatemperatuuril, lahjendatult v\u00f5i kokteilides.<\/span> <span class=\"relative -mx-px my-[-0.2rem] rounded px-px py-[0.2rem] transition-colors duration-100 ease-in-out\">Soovitatavad toidukaaslased on liha, kala, kalamari, austrid ja j\u00e4\u00e4tis.<\/span><\/p>\n","protected":false},"excerpt":{"rendered":"<p>Atla Distillery \u00d5una Samakas on Eesti k\u00e4sit\u00f6\u00f6na valminud klassikaline \u00f5unapuskar, mille alkoholisisaldus on 59\u202f% vol. See on destilleeritud parimast \u00f5unaveinist,<\/p>\n","protected":false},"featured_media":162563,"comment_status":"closed","ping_status":"closed","template":"","meta":[],"product_cat":[2968],"product_tag":[],"class_list":["post-162562","product","type-product","status-publish","has-post-thumbnail","hentry","product_cat-viin-ru","pa_alkoholisisaldus-ja-maht-maht0-35l-alkoholisisaldus59","pa_paritolumaa-eesti-ru"],"jetpack_sharing_enabled":true,"_links":{"self":[{"href":"https:\/\/bahus.ee\/ru\/wp-json\/wp\/v2\/product\/162562\/"}],"collection":[{"href":"https:\/\/bahus.ee\/ru\/wp-json\/wp\/v2\/product\/"}],"about":[{"href":"https:\/\/bahus.ee\/ru\/wp-json\/wp\/v2\/types\/product\/"}],"replies":[{"embeddable":true,"href":"https:\/\/bahus.ee\/ru\/wp-json\/wp\/v2\/comments\/?post=162562"}],"wp:featuredmedia":[{"embeddable":true,"href":"https:\/\/bahus.ee\/ru\/wp-json\/wp\/v2\/media\/162563\/"}],"wp:attachment":[{"href":"https:\/\/bahus.ee\/ru\/wp-json\/wp\/v2\/media\/?parent=162562"}],"wp:term":[{"taxonomy":"product_cat","embeddable":true,"href":"https:\/\/bahus.ee\/ru\/wp-json\/wp\/v2\/product_cat\/?post=162562"},{"taxonomy":"product_tag","embeddable":true,"href":"https:\/\/bahus.ee\/ru\/wp-json\/wp\/v2\/product_tag\/?post=162562"}],"curies":[{"name":"wp","href":"https:\/\/api.w.org\/{rel}","templated":true}]}}