{"id":162032,"date":"2025-05-30T14:24:43","date_gmt":"2025-05-30T11:24:43","guid":{"rendered":"https:\/\/bahus.ee\/?post_type=product&#038;p=162032"},"modified":"2025-05-30T14:24:43","modified_gmt":"2025-05-30T11:24:43","slug":"poltsamaa-lossivein-28","status":"publish","type":"product","link":"https:\/\/bahus.ee\/ru\/toode\/poltsamaa-lossivein-28\/","title":{"rendered":"P\u00f5ltsamaa Lossivein 28"},"content":{"rendered":"<p>P\u00f5ltsamaa Lossivein 28 on Eesti puuvilja- ja marjavein, mille valmistamisel on kasutatud \u00f5unamahla. <span class=\"relative -mx-px my-[-0.2rem] rounded px-px py-[0.2rem] transition-colors duration-100 ease-in-out\">See poolmagus \u00f5unavein pakub puuviljase ja \u00f5unase maitseelamuse, olles v\u00e4rskendav ja kergesti joodav.<\/span> <span class=\"relative -mx-px my-[-0.2rem] rounded px-px py-[0.2rem] transition-colors duration-100 ease-in-out\">Veini v\u00e4rvus on helekollane ning aroomis on tunda selgeid \u00f5unaseid noote.<\/span> <span class=\"relative -mx-px my-[-0.2rem] rounded px-px py-[0.2rem] transition-colors duration-100 ease-in-out\">Alkoholisisaldus on 11%, mis muudab selle sobivaks igap\u00e4evaseks nautimiseks.<\/span><\/p>\n","protected":false},"excerpt":{"rendered":"<p>P\u00f5ltsamaa Lossivein 28 on Eesti puuvilja- ja marjavein, mille valmistamisel on kasutatud \u00f5unamahla. See poolmagus \u00f5unavein pakub puuviljase ja \u00f5unase<\/p>\n","protected":false},"featured_media":162033,"comment_status":"closed","ping_status":"closed","template":"","meta":[],"product_cat":[13411],"product_tag":[],"class_list":["post-162032","product","type-product","status-publish","has-post-thumbnail","hentry","product_cat-punane-vein","pa_alkoholisisaldus-ja-maht-maht0-75l-alkoholisisaldus11","pa_paritolumaa-eesti-ru","pa_stiil-semi-sweet"],"jetpack_sharing_enabled":true,"_links":{"self":[{"href":"https:\/\/bahus.ee\/ru\/wp-json\/wp\/v2\/product\/162032\/"}],"collection":[{"href":"https:\/\/bahus.ee\/ru\/wp-json\/wp\/v2\/product\/"}],"about":[{"href":"https:\/\/bahus.ee\/ru\/wp-json\/wp\/v2\/types\/product\/"}],"replies":[{"embeddable":true,"href":"https:\/\/bahus.ee\/ru\/wp-json\/wp\/v2\/comments\/?post=162032"}],"wp:featuredmedia":[{"embeddable":true,"href":"https:\/\/bahus.ee\/ru\/wp-json\/wp\/v2\/media\/162033\/"}],"wp:attachment":[{"href":"https:\/\/bahus.ee\/ru\/wp-json\/wp\/v2\/media\/?parent=162032"}],"wp:term":[{"taxonomy":"product_cat","embeddable":true,"href":"https:\/\/bahus.ee\/ru\/wp-json\/wp\/v2\/product_cat\/?post=162032"},{"taxonomy":"product_tag","embeddable":true,"href":"https:\/\/bahus.ee\/ru\/wp-json\/wp\/v2\/product_tag\/?post=162032"}],"curies":[{"name":"wp","href":"https:\/\/api.w.org\/{rel}","templated":true}]}}