{"id":160591,"date":"2025-05-11T21:02:01","date_gmt":"2025-05-11T18:02:01","guid":{"rendered":"https:\/\/bahus.ee\/?post_type=product&#038;p=160591"},"modified":"2025-05-11T21:02:01","modified_gmt":"2025-05-11T18:02:01","slug":"grahams-the-tawny-reserve-tawny","status":"publish","type":"product","link":"https:\/\/bahus.ee\/ru\/toode\/grahams-the-tawny-reserve-tawny\/","title":{"rendered":"Grahams The Tawny Reserve Tawny"},"content":{"rendered":"<p><span class=\"relative -mx-px my-[-0.2rem] rounded px-px py-[0.2rem] transition-colors duration-100 ease-in-out\">Graham&#8217;s The Tawny Reserve Tawny Port is a refined fortified wine aged for 7 to 9 years in seasoned oak casks, offering a harmonious balance between youthful fruitiness and the complexity of wood aging.<\/span> <span class=\"relative -mx-px my-[-0.2rem] rounded px-px py-[0.2rem] transition-colors duration-100 ease-in-out\">It presents a deep golden-amber color and a complex bouquet of orange peel, cinnamon, prunes, raisins, and figs.<\/span> <span class=\"relative -mx-px my-[-0.2rem] rounded px-px py-[0.2rem] transition-colors duration-100 ease-in-out\">On the palate, it is full-bodied and generous, with a long, clean finish.<\/span> <span class=\"relative -mx-px my-[-0.2rem] rounded px-px py-[0.2rem] transition-colors duration-100 ease-in-out\">This port is best enjoyed slightly chilled, either as an aperitif or paired with desserts like almond tart or cr\u00e8me br\u00fbl\u00e9e.<\/span><\/p>\n","protected":false},"excerpt":{"rendered":"<p>Graham&#8217;s The Tawny Reserve Tawny Port is a refined fortified wine aged for 7 to 9 years in seasoned oak<\/p>\n","protected":false},"featured_media":160592,"comment_status":"closed","ping_status":"closed","template":"","meta":[],"product_cat":[13411],"product_tag":[],"class_list":["post-160591","product","type-product","status-publish","has-post-thumbnail","hentry","product_cat-punane-vein","pa_alkoholisisaldus-ja-maht-maht0-75l-alkoholisisaldus20","pa_paritolumaa-pt-portugal","pa_stiil-sweet"],"jetpack_sharing_enabled":true,"_links":{"self":[{"href":"https:\/\/bahus.ee\/ru\/wp-json\/wp\/v2\/product\/160591\/"}],"collection":[{"href":"https:\/\/bahus.ee\/ru\/wp-json\/wp\/v2\/product\/"}],"about":[{"href":"https:\/\/bahus.ee\/ru\/wp-json\/wp\/v2\/types\/product\/"}],"replies":[{"embeddable":true,"href":"https:\/\/bahus.ee\/ru\/wp-json\/wp\/v2\/comments\/?post=160591"}],"wp:featuredmedia":[{"embeddable":true,"href":"https:\/\/bahus.ee\/ru\/wp-json\/wp\/v2\/media\/160592\/"}],"wp:attachment":[{"href":"https:\/\/bahus.ee\/ru\/wp-json\/wp\/v2\/media\/?parent=160591"}],"wp:term":[{"taxonomy":"product_cat","embeddable":true,"href":"https:\/\/bahus.ee\/ru\/wp-json\/wp\/v2\/product_cat\/?post=160591"},{"taxonomy":"product_tag","embeddable":true,"href":"https:\/\/bahus.ee\/ru\/wp-json\/wp\/v2\/product_tag\/?post=160591"}],"curies":[{"name":"wp","href":"https:\/\/api.w.org\/{rel}","templated":true}]}}