{"id":160398,"date":"2025-05-10T21:02:38","date_gmt":"2025-05-10T18:02:38","guid":{"rendered":"https:\/\/bahus.ee\/?post_type=product&#038;p=160398"},"modified":"2025-05-10T21:02:38","modified_gmt":"2025-05-10T18:02:38","slug":"bb-merlot-edes","status":"publish","type":"product","link":"https:\/\/bahus.ee\/ru\/toode\/bb-merlot-edes\/","title":{"rendered":"BB Merlot Edes"},"content":{"rendered":"<p><span class=\"relative -mx-px my-[-0.2rem] rounded px-px py-[0.2rem] transition-colors duration-100 ease-in-out\">BB Merlot \u00c9des is a sweet red wine from Hungary&#8217;s Balatonbogl\u00e1r region, produced by Balatonbogl\u00e1ri Borgazdas\u00e1gi Zrt.<\/span> <span class=\"relative -mx-px my-[-0.2rem] rounded px-px py-[0.2rem] transition-colors duration-100 ease-in-out\">It features a deep ruby color and offers aromas of blackcurrant complemented by plum notes.<\/span> <span class=\"relative -mx-px my-[-0.2rem] rounded px-px py-[0.2rem] transition-colors duration-100 ease-in-out\">On the palate, it presents a medium-bodied profile with velvety tannins, making it a delightful choice for those who enjoy fruit-forward wines<\/span> .<\/p>\n","protected":false},"excerpt":{"rendered":"<p>BB Merlot \u00c9des is a sweet red wine from Hungary&#8217;s Balatonbogl\u00e1r region, produced by Balatonbogl\u00e1ri Borgazdas\u00e1gi Zrt. It features a<\/p>\n","protected":false},"featured_media":160399,"comment_status":"closed","ping_status":"closed","template":"","meta":[],"product_cat":[13411],"product_tag":[],"class_list":["post-160398","product","type-product","status-publish","has-post-thumbnail","hentry","product_cat-punane-vein","pa_alkoholisisaldus-ja-maht-maht0-75l-alkoholisisaldus11","pa_paritolumaa-hu-hungary","pa_stiil-sweet"],"jetpack_sharing_enabled":true,"_links":{"self":[{"href":"https:\/\/bahus.ee\/ru\/wp-json\/wp\/v2\/product\/160398\/"}],"collection":[{"href":"https:\/\/bahus.ee\/ru\/wp-json\/wp\/v2\/product\/"}],"about":[{"href":"https:\/\/bahus.ee\/ru\/wp-json\/wp\/v2\/types\/product\/"}],"replies":[{"embeddable":true,"href":"https:\/\/bahus.ee\/ru\/wp-json\/wp\/v2\/comments\/?post=160398"}],"wp:featuredmedia":[{"embeddable":true,"href":"https:\/\/bahus.ee\/ru\/wp-json\/wp\/v2\/media\/160399\/"}],"wp:attachment":[{"href":"https:\/\/bahus.ee\/ru\/wp-json\/wp\/v2\/media\/?parent=160398"}],"wp:term":[{"taxonomy":"product_cat","embeddable":true,"href":"https:\/\/bahus.ee\/ru\/wp-json\/wp\/v2\/product_cat\/?post=160398"},{"taxonomy":"product_tag","embeddable":true,"href":"https:\/\/bahus.ee\/ru\/wp-json\/wp\/v2\/product_tag\/?post=160398"}],"curies":[{"name":"wp","href":"https:\/\/api.w.org\/{rel}","templated":true}]}}