{"id":160213,"date":"2025-05-10T11:03:09","date_gmt":"2025-05-10T08:03:09","guid":{"rendered":"https:\/\/bahus.ee\/?post_type=product&#038;p=160213"},"modified":"2025-05-10T11:03:09","modified_gmt":"2025-05-10T08:03:09","slug":"wolu-kirsi-hoogvein","status":"publish","type":"product","link":"https:\/\/bahus.ee\/ru\/toode\/wolu-kirsi-hoogvein\/","title":{"rendered":"W\u00f5lu Kirsi H\u00f5\u00f5gvein"},"content":{"rendered":"<p>W\u00f5lu Kirsi H\u00f5\u00f5gvein is a cherry-flavored mulled wine from Estonia that combines the bold taste of ripe cherries with classic winter spices. Its juicy fruitiness is balanced by hints of cinnamon and clove, making it both refreshing and warming. Ideal for cozy nights, this wine is best enjoyed heated to bring out its full, aromatic depth.<\/p>\n","protected":false},"excerpt":{"rendered":"<p>W\u00f5lu Kirsi H\u00f5\u00f5gvein is a cherry-flavored mulled wine from Estonia that combines the bold taste of ripe cherries with classic<\/p>\n","protected":false},"featured_media":160214,"comment_status":"closed","ping_status":"closed","template":"","meta":[],"product_cat":[13411],"product_tag":[],"class_list":["post-160213","product","type-product","status-publish","has-post-thumbnail","hentry","product_cat-punane-vein","pa_alkoholisisaldus-ja-maht-maht0-75l-alkoholisisaldus10-5","pa_paritolumaa-eesti-ru","pa_stiil-sweet"],"jetpack_sharing_enabled":true,"_links":{"self":[{"href":"https:\/\/bahus.ee\/ru\/wp-json\/wp\/v2\/product\/160213\/"}],"collection":[{"href":"https:\/\/bahus.ee\/ru\/wp-json\/wp\/v2\/product\/"}],"about":[{"href":"https:\/\/bahus.ee\/ru\/wp-json\/wp\/v2\/types\/product\/"}],"replies":[{"embeddable":true,"href":"https:\/\/bahus.ee\/ru\/wp-json\/wp\/v2\/comments\/?post=160213"}],"wp:featuredmedia":[{"embeddable":true,"href":"https:\/\/bahus.ee\/ru\/wp-json\/wp\/v2\/media\/160214\/"}],"wp:attachment":[{"href":"https:\/\/bahus.ee\/ru\/wp-json\/wp\/v2\/media\/?parent=160213"}],"wp:term":[{"taxonomy":"product_cat","embeddable":true,"href":"https:\/\/bahus.ee\/ru\/wp-json\/wp\/v2\/product_cat\/?post=160213"},{"taxonomy":"product_tag","embeddable":true,"href":"https:\/\/bahus.ee\/ru\/wp-json\/wp\/v2\/product_tag\/?post=160213"}],"curies":[{"name":"wp","href":"https:\/\/api.w.org\/{rel}","templated":true}]}}