{"id":159010,"date":"2025-03-22T20:44:28","date_gmt":"2025-03-22T18:44:28","guid":{"rendered":"https:\/\/bahus.ee\/?post_type=product&#038;p=159010"},"modified":"2025-03-22T20:44:28","modified_gmt":"2025-03-22T18:44:28","slug":"chateau-darcins-haut-medoc","status":"publish","type":"product","link":"https:\/\/bahus.ee\/ru\/toode\/chateau-darcins-haut-medoc\/","title":{"rendered":"Chateau Darcins Haut Medoc"},"content":{"rendered":"<p class=\"\" data-start=\"0\" data-end=\"322\">Ch\u00e2teau Darcins Haut-M\u00e9doc is a red wine from the Haut-M\u00e9doc region in Bordeaux, France, typically made from a blend of Cabernet Sauvignon and Merlot grapes. It features rich flavors of black fruits like blackberry and blackcurrant, complemented by earthy and spicy notes, with a smooth tannic structure and a long finish.<\/p>\n","protected":false},"excerpt":{"rendered":"<p>Ch\u00e2teau Darcins Haut-M\u00e9doc is a red wine from the Haut-M\u00e9doc region in Bordeaux, France, typically made from a blend of<\/p>\n","protected":false},"featured_media":159011,"comment_status":"closed","ping_status":"closed","template":"","meta":[],"product_cat":[13411],"product_tag":[],"class_list":["post-159010","product","type-product","status-publish","has-post-thumbnail","hentry","product_cat-punane-vein","pa_alkoholisisaldus-ja-maht-maht0-75-alkoholisisaldus13","pa_paritolumaa-fr-france","pa_stiil-dry"],"jetpack_sharing_enabled":true,"_links":{"self":[{"href":"https:\/\/bahus.ee\/ru\/wp-json\/wp\/v2\/product\/159010\/"}],"collection":[{"href":"https:\/\/bahus.ee\/ru\/wp-json\/wp\/v2\/product\/"}],"about":[{"href":"https:\/\/bahus.ee\/ru\/wp-json\/wp\/v2\/types\/product\/"}],"replies":[{"embeddable":true,"href":"https:\/\/bahus.ee\/ru\/wp-json\/wp\/v2\/comments\/?post=159010"}],"wp:featuredmedia":[{"embeddable":true,"href":"https:\/\/bahus.ee\/ru\/wp-json\/wp\/v2\/media\/159011\/"}],"wp:attachment":[{"href":"https:\/\/bahus.ee\/ru\/wp-json\/wp\/v2\/media\/?parent=159010"}],"wp:term":[{"taxonomy":"product_cat","embeddable":true,"href":"https:\/\/bahus.ee\/ru\/wp-json\/wp\/v2\/product_cat\/?post=159010"},{"taxonomy":"product_tag","embeddable":true,"href":"https:\/\/bahus.ee\/ru\/wp-json\/wp\/v2\/product_tag\/?post=159010"}],"curies":[{"name":"wp","href":"https:\/\/api.w.org\/{rel}","templated":true}]}}