{"id":158744,"date":"2025-03-20T12:05:18","date_gmt":"2025-03-20T10:05:18","guid":{"rendered":"https:\/\/bahus.ee\/?post_type=product&#038;p=158744"},"modified":"2025-03-20T12:05:18","modified_gmt":"2025-03-20T10:05:18","slug":"el-gato-gordo-cuvee-mencia","status":"publish","type":"product","link":"https:\/\/bahus.ee\/ru\/toode\/el-gato-gordo-cuvee-mencia\/","title":{"rendered":"El Gato Gordo Cuvee Mencia"},"content":{"rendered":"<p>El Gato Gordo Menc\u00eda Cuv\u00e9e is a red wine from the Bierzo region in Castilla y Le\u00f3n, Spain, crafted exclusively from Menc\u00eda grapes. This young and fresh wine showcases flavors of ripe red fruits, such as cherries and raspberries, complemented by subtle floral and balsamic notes. It has a medium body with balanced acidity, making it an approachable and versatile option for various occasions.<\/p>\n","protected":false},"excerpt":{"rendered":"<p>El Gato Gordo Menc\u00eda Cuv\u00e9e is a red wine from the Bierzo region in Castilla y Le\u00f3n, Spain, crafted exclusively<\/p>\n","protected":false},"featured_media":158745,"comment_status":"closed","ping_status":"closed","template":"","meta":[],"product_cat":[13411],"product_tag":[],"class_list":["post-158744","product","type-product","status-publish","has-post-thumbnail","hentry","product_cat-punane-vein","pa_alkoholisisaldus-ja-maht-maht0-75l-alkoholisisaldus14-5","pa_paritolumaa-es-spain","pa_stiil-dry"],"jetpack_sharing_enabled":true,"_links":{"self":[{"href":"https:\/\/bahus.ee\/ru\/wp-json\/wp\/v2\/product\/158744\/"}],"collection":[{"href":"https:\/\/bahus.ee\/ru\/wp-json\/wp\/v2\/product\/"}],"about":[{"href":"https:\/\/bahus.ee\/ru\/wp-json\/wp\/v2\/types\/product\/"}],"replies":[{"embeddable":true,"href":"https:\/\/bahus.ee\/ru\/wp-json\/wp\/v2\/comments\/?post=158744"}],"wp:featuredmedia":[{"embeddable":true,"href":"https:\/\/bahus.ee\/ru\/wp-json\/wp\/v2\/media\/158745\/"}],"wp:attachment":[{"href":"https:\/\/bahus.ee\/ru\/wp-json\/wp\/v2\/media\/?parent=158744"}],"wp:term":[{"taxonomy":"product_cat","embeddable":true,"href":"https:\/\/bahus.ee\/ru\/wp-json\/wp\/v2\/product_cat\/?post=158744"},{"taxonomy":"product_tag","embeddable":true,"href":"https:\/\/bahus.ee\/ru\/wp-json\/wp\/v2\/product_tag\/?post=158744"}],"curies":[{"name":"wp","href":"https:\/\/api.w.org\/{rel}","templated":true}]}}