{"id":157150,"date":"2023-10-10T10:03:36","date_gmt":"2023-10-10T07:03:36","guid":{"rendered":"https:\/\/bahus.ee\/?post_type=product&#038;p=157150"},"modified":"2023-10-10T10:04:00","modified_gmt":"2023-10-10T07:04:00","slug":"harcho-lambalihast","status":"publish","type":"product","link":"https:\/\/bahus.ee\/ru\/toode\/harcho-lambalihast\/","title":{"rendered":"Harcho lambalihast"},"content":{"rendered":"<p>Lambaliha, Barina, sibul, k\u00fc\u00fcslauk, Gruusia v\u00fcrtsid, riis, \u00dcrdid.<\/p>\n","protected":false},"excerpt":{"rendered":"<p>Lambaliha, Barina, sibul, k\u00fc\u00fcslauk, Gruusia v\u00fcrtsid, riis, \u00dcrdid.<\/p>\n","protected":false},"featured_media":157145,"comment_status":"closed","ping_status":"closed","template":"","meta":[],"product_cat":[17196],"product_tag":[],"class_list":["post-157150","product","type-product","status-publish","has-post-thumbnail","hentry","product_cat-gruusia-kook"],"jetpack_sharing_enabled":true,"_links":{"self":[{"href":"https:\/\/bahus.ee\/ru\/wp-json\/wp\/v2\/product\/157150\/"}],"collection":[{"href":"https:\/\/bahus.ee\/ru\/wp-json\/wp\/v2\/product\/"}],"about":[{"href":"https:\/\/bahus.ee\/ru\/wp-json\/wp\/v2\/types\/product\/"}],"replies":[{"embeddable":true,"href":"https:\/\/bahus.ee\/ru\/wp-json\/wp\/v2\/comments\/?post=157150"}],"wp:featuredmedia":[{"embeddable":true,"href":"https:\/\/bahus.ee\/ru\/wp-json\/wp\/v2\/media\/157145\/"}],"wp:attachment":[{"href":"https:\/\/bahus.ee\/ru\/wp-json\/wp\/v2\/media\/?parent=157150"}],"wp:term":[{"taxonomy":"product_cat","embeddable":true,"href":"https:\/\/bahus.ee\/ru\/wp-json\/wp\/v2\/product_cat\/?post=157150"},{"taxonomy":"product_tag","embeddable":true,"href":"https:\/\/bahus.ee\/ru\/wp-json\/wp\/v2\/product_tag\/?post=157150"}],"curies":[{"name":"wp","href":"https:\/\/api.w.org\/{rel}","templated":true}]}}