{"id":157098,"date":"2023-10-06T18:01:47","date_gmt":"2023-10-06T15:01:47","guid":{"rendered":"https:\/\/bahus.ee\/?post_type=product&#038;p=157098"},"modified":"2024-03-27T12:51:39","modified_gmt":"2024-03-27T10:51:39","slug":"kharcho","status":"publish","type":"product","link":"https:\/\/bahus.ee\/ru\/toode\/kharcho\/","title":{"rendered":"Kharcho"},"content":{"rendered":"<p>Veiselihapuljong, veiseliha, sibul, k\u00fc\u00fcslauk, Gruusia v\u00fcrtsid, riis, \u00dcrdid.<\/p>\n","protected":false},"excerpt":{"rendered":"<p>Veiselihapuljong, veiseliha, sibul, k\u00fc\u00fcslauk, Gruusia v\u00fcrtsid, riis, \u00dcrdid.<\/p>\n","protected":false},"featured_media":157099,"comment_status":"closed","ping_status":"closed","template":"","meta":[],"product_cat":[17196],"product_tag":[],"class_list":["post-157098","product","type-product","status-publish","has-post-thumbnail","hentry","product_cat-gruusia-kook"],"jetpack_sharing_enabled":true,"_links":{"self":[{"href":"https:\/\/bahus.ee\/ru\/wp-json\/wp\/v2\/product\/157098\/"}],"collection":[{"href":"https:\/\/bahus.ee\/ru\/wp-json\/wp\/v2\/product\/"}],"about":[{"href":"https:\/\/bahus.ee\/ru\/wp-json\/wp\/v2\/types\/product\/"}],"replies":[{"embeddable":true,"href":"https:\/\/bahus.ee\/ru\/wp-json\/wp\/v2\/comments\/?post=157098"}],"wp:featuredmedia":[{"embeddable":true,"href":"https:\/\/bahus.ee\/ru\/wp-json\/wp\/v2\/media\/157099\/"}],"wp:attachment":[{"href":"https:\/\/bahus.ee\/ru\/wp-json\/wp\/v2\/media\/?parent=157098"}],"wp:term":[{"taxonomy":"product_cat","embeddable":true,"href":"https:\/\/bahus.ee\/ru\/wp-json\/wp\/v2\/product_cat\/?post=157098"},{"taxonomy":"product_tag","embeddable":true,"href":"https:\/\/bahus.ee\/ru\/wp-json\/wp\/v2\/product_tag\/?post=157098"}],"curies":[{"name":"wp","href":"https:\/\/api.w.org\/{rel}","templated":true}]}}