{"id":156956,"date":"2023-08-06T17:51:00","date_gmt":"2023-08-06T14:51:00","guid":{"rendered":"https:\/\/bahus.ee\/?post_type=product&#038;p=156956"},"modified":"2024-03-27T12:52:45","modified_gmt":"2024-03-27T10:52:45","slug":"chahohbili","status":"publish","type":"product","link":"https:\/\/bahus.ee\/ru\/toode\/chahohbili\/","title":{"rendered":"Chahohbili"},"content":{"rendered":"<p>Chakhokhbili (kana tomatikastmes).-kana, sibul, k\u00fc\u00fcslauk, paprika, v\u00fcrtsid, tomatipasta, koriander, petersell, riivetomat.<\/p>\n","protected":false},"excerpt":{"rendered":"<p>Chakhokhbili (kana tomatikastmes).-kana, sibul, k\u00fc\u00fcslauk, paprika, v\u00fcrtsid, tomatipasta, koriander, petersell, riivetomat.<\/p>\n","protected":false},"featured_media":156957,"comment_status":"closed","ping_status":"closed","template":"","meta":[],"product_cat":[17196],"product_tag":[],"class_list":["post-156956","product","type-product","status-publish","has-post-thumbnail","hentry","product_cat-gruusia-kook"],"jetpack_sharing_enabled":true,"_links":{"self":[{"href":"https:\/\/bahus.ee\/ru\/wp-json\/wp\/v2\/product\/156956\/"}],"collection":[{"href":"https:\/\/bahus.ee\/ru\/wp-json\/wp\/v2\/product\/"}],"about":[{"href":"https:\/\/bahus.ee\/ru\/wp-json\/wp\/v2\/types\/product\/"}],"replies":[{"embeddable":true,"href":"https:\/\/bahus.ee\/ru\/wp-json\/wp\/v2\/comments\/?post=156956"}],"wp:featuredmedia":[{"embeddable":true,"href":"https:\/\/bahus.ee\/ru\/wp-json\/wp\/v2\/media\/156957\/"}],"wp:attachment":[{"href":"https:\/\/bahus.ee\/ru\/wp-json\/wp\/v2\/media\/?parent=156956"}],"wp:term":[{"taxonomy":"product_cat","embeddable":true,"href":"https:\/\/bahus.ee\/ru\/wp-json\/wp\/v2\/product_cat\/?post=156956"},{"taxonomy":"product_tag","embeddable":true,"href":"https:\/\/bahus.ee\/ru\/wp-json\/wp\/v2\/product_tag\/?post=156956"}],"curies":[{"name":"wp","href":"https:\/\/api.w.org\/{rel}","templated":true}]}}