{"id":156948,"date":"2023-08-06T17:39:08","date_gmt":"2023-08-06T14:39:08","guid":{"rendered":"https:\/\/bahus.ee\/?post_type=product&#038;p=156948"},"modified":"2024-03-27T12:40:20","modified_gmt":"2024-03-27T10:40:20","slug":"gruusia-pahkli-salat","status":"publish","type":"product","link":"https:\/\/bahus.ee\/ru\/toode\/gruusia-pahkli-salat\/","title":{"rendered":"Gruusia p\u00e4hkli salat"},"content":{"rendered":"<p>Gruusia salat-kurgid, tomat, sibul, p\u00e4evalille\u00f5li, koriander, petersell, jahvatatud kreeka p\u00e4hklid, sool, pipar.<\/p>\n","protected":false},"excerpt":{"rendered":"<p>Gruusia salat-kurgid, tomat, sibul, p\u00e4evalille\u00f5li, koriander, petersell, jahvatatud kreeka p\u00e4hklid, sool, pipar.<\/p>\n","protected":false},"featured_media":156949,"comment_status":"closed","ping_status":"closed","template":"","meta":[],"product_cat":[17196],"product_tag":[],"class_list":["post-156948","product","type-product","status-publish","has-post-thumbnail","hentry","product_cat-gruusia-kook"],"jetpack_sharing_enabled":true,"_links":{"self":[{"href":"https:\/\/bahus.ee\/ru\/wp-json\/wp\/v2\/product\/156948\/"}],"collection":[{"href":"https:\/\/bahus.ee\/ru\/wp-json\/wp\/v2\/product\/"}],"about":[{"href":"https:\/\/bahus.ee\/ru\/wp-json\/wp\/v2\/types\/product\/"}],"replies":[{"embeddable":true,"href":"https:\/\/bahus.ee\/ru\/wp-json\/wp\/v2\/comments\/?post=156948"}],"wp:featuredmedia":[{"embeddable":true,"href":"https:\/\/bahus.ee\/ru\/wp-json\/wp\/v2\/media\/156949\/"}],"wp:attachment":[{"href":"https:\/\/bahus.ee\/ru\/wp-json\/wp\/v2\/media\/?parent=156948"}],"wp:term":[{"taxonomy":"product_cat","embeddable":true,"href":"https:\/\/bahus.ee\/ru\/wp-json\/wp\/v2\/product_cat\/?post=156948"},{"taxonomy":"product_tag","embeddable":true,"href":"https:\/\/bahus.ee\/ru\/wp-json\/wp\/v2\/product_tag\/?post=156948"}],"curies":[{"name":"wp","href":"https:\/\/api.w.org\/{rel}","templated":true}]}}