{"id":156304,"date":"2023-01-05T12:33:23","date_gmt":"2023-01-05T10:33:23","guid":{"rendered":"https:\/\/bahus.ee\/?post_type=product&#038;p=156304"},"modified":"2024-03-27T12:30:08","modified_gmt":"2024-03-27T10:30:08","slug":"lohe-poke","status":"publish","type":"product","link":"https:\/\/bahus.ee\/ru\/toode\/lohe-poke\/","title":{"rendered":"L\u00f5he Poke"},"content":{"rendered":"<p>L\u00f5hepoke: l\u00f5he, avokaado, kurk, wakame salat, tomat, mais, oad, seesami, redis, ponzu kaste.<\/p>\n","protected":false},"excerpt":{"rendered":"<p>L\u00f5hepoke: l\u00f5he, avokaado, kurk, wakame salat, tomat, mais, oad, seesami, redis, ponzu kaste.<\/p>\n","protected":false},"featured_media":156305,"comment_status":"closed","ping_status":"closed","template":"","meta":[],"product_cat":[17175],"product_tag":[],"class_list":["post-156304","product","type-product","status-publish","has-post-thumbnail","hentry","product_cat-sushi"],"jetpack_sharing_enabled":true,"_links":{"self":[{"href":"https:\/\/bahus.ee\/ru\/wp-json\/wp\/v2\/product\/156304\/"}],"collection":[{"href":"https:\/\/bahus.ee\/ru\/wp-json\/wp\/v2\/product\/"}],"about":[{"href":"https:\/\/bahus.ee\/ru\/wp-json\/wp\/v2\/types\/product\/"}],"replies":[{"embeddable":true,"href":"https:\/\/bahus.ee\/ru\/wp-json\/wp\/v2\/comments\/?post=156304"}],"wp:featuredmedia":[{"embeddable":true,"href":"https:\/\/bahus.ee\/ru\/wp-json\/wp\/v2\/media\/156305\/"}],"wp:attachment":[{"href":"https:\/\/bahus.ee\/ru\/wp-json\/wp\/v2\/media\/?parent=156304"}],"wp:term":[{"taxonomy":"product_cat","embeddable":true,"href":"https:\/\/bahus.ee\/ru\/wp-json\/wp\/v2\/product_cat\/?post=156304"},{"taxonomy":"product_tag","embeddable":true,"href":"https:\/\/bahus.ee\/ru\/wp-json\/wp\/v2\/product_tag\/?post=156304"}],"curies":[{"name":"wp","href":"https:\/\/api.w.org\/{rel}","templated":true}]}}