{"id":188251,"date":"2025-11-06T17:39:42","date_gmt":"2025-11-06T15:39:42","guid":{"rendered":"https:\/\/bahus.ee\/?post_type=product&#038;p=188251"},"modified":"2025-11-06T17:39:42","modified_gmt":"2025-11-06T15:39:42","slug":"tempura-lohe","status":"publish","type":"product","link":"https:\/\/bahus.ee\/en\/toode\/tempura-lohe\/","title":{"rendered":"Tempura  L\u00f5he"},"content":{"rendered":"<p>Nori, riis, toorjuust, l\u00f5hefilee, avokaado, salat, tempura, eriliselt valmistatud kaste, roheline sibul, sibulakr\u00f5psud<\/p>\n","protected":false},"excerpt":{"rendered":"<p>Nori, riis, toorjuust, l\u00f5hefilee, avokaado, salat, tempura, eriliselt valmistatud kaste, roheline sibul, sibulakr\u00f5psud<\/p>\n","protected":false},"featured_media":188252,"comment_status":"closed","ping_status":"closed","template":"","meta":[],"product_cat":[17437],"product_tag":[],"class_list":["post-188251","product","type-product","status-publish","has-post-thumbnail","hentry","product_cat-uus-sushi-menuu"],"jetpack_sharing_enabled":true,"_links":{"self":[{"href":"https:\/\/bahus.ee\/en\/wp-json\/wp\/v2\/product\/188251\/"}],"collection":[{"href":"https:\/\/bahus.ee\/en\/wp-json\/wp\/v2\/product\/"}],"about":[{"href":"https:\/\/bahus.ee\/en\/wp-json\/wp\/v2\/types\/product\/"}],"replies":[{"embeddable":true,"href":"https:\/\/bahus.ee\/en\/wp-json\/wp\/v2\/comments\/?post=188251"}],"wp:featuredmedia":[{"embeddable":true,"href":"https:\/\/bahus.ee\/en\/wp-json\/wp\/v2\/media\/188252\/"}],"wp:attachment":[{"href":"https:\/\/bahus.ee\/en\/wp-json\/wp\/v2\/media\/?parent=188251"}],"wp:term":[{"taxonomy":"product_cat","embeddable":true,"href":"https:\/\/bahus.ee\/en\/wp-json\/wp\/v2\/product_cat\/?post=188251"},{"taxonomy":"product_tag","embeddable":true,"href":"https:\/\/bahus.ee\/en\/wp-json\/wp\/v2\/product_tag\/?post=188251"}],"curies":[{"name":"wp","href":"https:\/\/api.w.org\/{rel}","templated":true}]}}