{"id":188113,"date":"2025-09-04T00:51:30","date_gmt":"2025-09-03T21:51:30","guid":{"rendered":"https:\/\/bahus.ee\/toode\/briottet-creme-de-cacao-blanc-25\/"},"modified":"2025-09-04T00:51:30","modified_gmt":"2025-09-03T21:51:30","slug":"briottet-creme-de-cacao-blanc-25","status":"publish","type":"product","link":"https:\/\/bahus.ee\/en\/toode\/briottet-creme-de-cacao-blanc-25\/","title":{"rendered":"Briottet Cr\u00e8me De Cacao Blanc 25%"},"content":{"rendered":"<p>Lik\u00f6\u00f6r, 25%, 70 cl, France<\/p>\n","protected":false},"excerpt":{"rendered":"<p>Lik\u00f6\u00f6r, 25%, 70 cl, France<\/p>\n","protected":false},"featured_media":188110,"comment_status":"open","ping_status":"closed","template":"","meta":[],"product_cat":[4368],"product_tag":[],"class_list":["post-188113","product","type-product","status-publish","has-post-thumbnail","hentry","product_cat-likoor-en"],"jetpack_sharing_enabled":true,"_links":{"self":[{"href":"https:\/\/bahus.ee\/en\/wp-json\/wp\/v2\/product\/188113\/"}],"collection":[{"href":"https:\/\/bahus.ee\/en\/wp-json\/wp\/v2\/product\/"}],"about":[{"href":"https:\/\/bahus.ee\/en\/wp-json\/wp\/v2\/types\/product\/"}],"replies":[{"embeddable":true,"href":"https:\/\/bahus.ee\/en\/wp-json\/wp\/v2\/comments\/?post=188113"}],"wp:featuredmedia":[{"embeddable":true,"href":"https:\/\/bahus.ee\/en\/wp-json\/wp\/v2\/media\/188110\/"}],"wp:attachment":[{"href":"https:\/\/bahus.ee\/en\/wp-json\/wp\/v2\/media\/?parent=188113"}],"wp:term":[{"taxonomy":"product_cat","embeddable":true,"href":"https:\/\/bahus.ee\/en\/wp-json\/wp\/v2\/product_cat\/?post=188113"},{"taxonomy":"product_tag","embeddable":true,"href":"https:\/\/bahus.ee\/en\/wp-json\/wp\/v2\/product_tag\/?post=188113"}],"curies":[{"name":"wp","href":"https:\/\/api.w.org\/{rel}","templated":true}]}}