{"id":188105,"date":"2025-09-04T00:51:27","date_gmt":"2025-09-03T21:51:27","guid":{"rendered":"https:\/\/bahus.ee\/toode\/briottet-elderflower-liquer-18-leedrioielikoor\/"},"modified":"2025-09-04T00:51:27","modified_gmt":"2025-09-03T21:51:27","slug":"briottet-elderflower-liquer-18-leedrioielikoor","status":"publish","type":"product","link":"https:\/\/bahus.ee\/en\/toode\/briottet-elderflower-liquer-18-leedrioielikoor\/","title":{"rendered":"Briottet Elderflower Liquer 18% Leedri\u00f5ielik\u00f6\u00f6r"},"content":{"rendered":"<p>Lik\u00f6\u00f6r, 18%, 70 cl, France<\/p>\n","protected":false},"excerpt":{"rendered":"<p>Lik\u00f6\u00f6r, 18%, 70 cl, France<\/p>\n","protected":false},"featured_media":188102,"comment_status":"open","ping_status":"closed","template":"","meta":[],"product_cat":[4368],"product_tag":[],"class_list":["post-188105","product","type-product","status-publish","has-post-thumbnail","hentry","product_cat-likoor-en"],"jetpack_sharing_enabled":true,"_links":{"self":[{"href":"https:\/\/bahus.ee\/en\/wp-json\/wp\/v2\/product\/188105\/"}],"collection":[{"href":"https:\/\/bahus.ee\/en\/wp-json\/wp\/v2\/product\/"}],"about":[{"href":"https:\/\/bahus.ee\/en\/wp-json\/wp\/v2\/types\/product\/"}],"replies":[{"embeddable":true,"href":"https:\/\/bahus.ee\/en\/wp-json\/wp\/v2\/comments\/?post=188105"}],"wp:featuredmedia":[{"embeddable":true,"href":"https:\/\/bahus.ee\/en\/wp-json\/wp\/v2\/media\/188102\/"}],"wp:attachment":[{"href":"https:\/\/bahus.ee\/en\/wp-json\/wp\/v2\/media\/?parent=188105"}],"wp:term":[{"taxonomy":"product_cat","embeddable":true,"href":"https:\/\/bahus.ee\/en\/wp-json\/wp\/v2\/product_cat\/?post=188105"},{"taxonomy":"product_tag","embeddable":true,"href":"https:\/\/bahus.ee\/en\/wp-json\/wp\/v2\/product_tag\/?post=188105"}],"curies":[{"name":"wp","href":"https:\/\/api.w.org\/{rel}","templated":true}]}}