{"id":187401,"date":"2025-09-04T00:47:29","date_gmt":"2025-09-03T21:47:29","guid":{"rendered":"https:\/\/bahus.ee\/toode\/lowenbrau-oktoberfestbierseasonal\/"},"modified":"2025-09-04T00:47:29","modified_gmt":"2025-09-03T21:47:29","slug":"lowenbrau-oktoberfestbierseasonal","status":"publish","type":"product","link":"https:\/\/bahus.ee\/en\/toode\/lowenbrau-oktoberfestbierseasonal\/","title":{"rendered":"L\u00f6wenbr\u00e4u Oktoberfestbierseasonal"},"content":{"rendered":"<p>\u00d5lu, 6.1%, 50 cl, Germany<\/p>\n","protected":false},"excerpt":{"rendered":"<p>\u00d5lu, 6.1%, 50 cl, Germany<\/p>\n","protected":false},"featured_media":187398,"comment_status":"open","ping_status":"closed","template":"","meta":[],"product_cat":[4383],"product_tag":[],"class_list":["post-187401","product","type-product","status-publish","has-post-thumbnail","hentry","product_cat-olu-en"],"jetpack_sharing_enabled":true,"_links":{"self":[{"href":"https:\/\/bahus.ee\/en\/wp-json\/wp\/v2\/product\/187401\/"}],"collection":[{"href":"https:\/\/bahus.ee\/en\/wp-json\/wp\/v2\/product\/"}],"about":[{"href":"https:\/\/bahus.ee\/en\/wp-json\/wp\/v2\/types\/product\/"}],"replies":[{"embeddable":true,"href":"https:\/\/bahus.ee\/en\/wp-json\/wp\/v2\/comments\/?post=187401"}],"wp:featuredmedia":[{"embeddable":true,"href":"https:\/\/bahus.ee\/en\/wp-json\/wp\/v2\/media\/187398\/"}],"wp:attachment":[{"href":"https:\/\/bahus.ee\/en\/wp-json\/wp\/v2\/media\/?parent=187401"}],"wp:term":[{"taxonomy":"product_cat","embeddable":true,"href":"https:\/\/bahus.ee\/en\/wp-json\/wp\/v2\/product_cat\/?post=187401"},{"taxonomy":"product_tag","embeddable":true,"href":"https:\/\/bahus.ee\/en\/wp-json\/wp\/v2\/product_tag\/?post=187401"}],"curies":[{"name":"wp","href":"https:\/\/api.w.org\/{rel}","templated":true}]}}