{"id":185857,"date":"2025-09-04T00:38:47","date_gmt":"2025-09-03T21:38:47","guid":{"rendered":"https:\/\/bahus.ee\/toode\/albert-bichot-chateau-dorsan-cotes-du-rhone-rouge-v-2021\/"},"modified":"2025-09-04T00:38:47","modified_gmt":"2025-09-03T21:38:47","slug":"albert-bichot-chateau-dorsan-cotes-du-rhone-rouge-v-2021","status":"publish","type":"product","link":"https:\/\/bahus.ee\/en\/toode\/albert-bichot-chateau-dorsan-cotes-du-rhone-rouge-v-2021\/","title":{"rendered":"Albert Bichot Ch\u00e2teau D&#8217;orsan C\u00f4tes Du Rh\u00f4ne Rouge V.2021"},"content":{"rendered":"<p>Veinid, 13%, 75 cl, France<\/p>\n","protected":false},"excerpt":{"rendered":"<p>Veinid, 13%, 75 cl, France<\/p>\n","protected":false},"featured_media":185854,"comment_status":"open","ping_status":"closed","template":"","meta":[],"product_cat":[17472],"product_tag":[],"class_list":["post-185857","product","type-product","status-publish","has-post-thumbnail","hentry","product_cat-veinid"],"jetpack_sharing_enabled":true,"_links":{"self":[{"href":"https:\/\/bahus.ee\/en\/wp-json\/wp\/v2\/product\/185857\/"}],"collection":[{"href":"https:\/\/bahus.ee\/en\/wp-json\/wp\/v2\/product\/"}],"about":[{"href":"https:\/\/bahus.ee\/en\/wp-json\/wp\/v2\/types\/product\/"}],"replies":[{"embeddable":true,"href":"https:\/\/bahus.ee\/en\/wp-json\/wp\/v2\/comments\/?post=185857"}],"wp:featuredmedia":[{"embeddable":true,"href":"https:\/\/bahus.ee\/en\/wp-json\/wp\/v2\/media\/185854\/"}],"wp:attachment":[{"href":"https:\/\/bahus.ee\/en\/wp-json\/wp\/v2\/media\/?parent=185857"}],"wp:term":[{"taxonomy":"product_cat","embeddable":true,"href":"https:\/\/bahus.ee\/en\/wp-json\/wp\/v2\/product_cat\/?post=185857"},{"taxonomy":"product_tag","embeddable":true,"href":"https:\/\/bahus.ee\/en\/wp-json\/wp\/v2\/product_tag\/?post=185857"}],"curies":[{"name":"wp","href":"https:\/\/api.w.org\/{rel}","templated":true}]}}