{"id":184609,"date":"2025-09-04T00:32:44","date_gmt":"2025-09-03T21:32:44","guid":{"rendered":"https:\/\/bahus.ee\/toode\/muraka-likoor-50-cl-pet\/"},"modified":"2025-09-04T00:32:44","modified_gmt":"2025-09-03T21:32:44","slug":"muraka-likoor-50-cl-pet","status":"publish","type":"product","link":"https:\/\/bahus.ee\/en\/toode\/muraka-likoor-50-cl-pet\/","title":{"rendered":"Muraka Lik\u00f6\u00f6r 50 Cl Pet"},"content":{"rendered":"<p>Lik\u00f6\u00f6r, 18%, 50 cl<\/p>\n","protected":false},"excerpt":{"rendered":"<p>Lik\u00f6\u00f6r, 18%, 50 cl<\/p>\n","protected":false},"featured_media":184606,"comment_status":"open","ping_status":"closed","template":"","meta":[],"product_cat":[4368],"product_tag":[],"class_list":["post-184609","product","type-product","status-publish","has-post-thumbnail","hentry","product_cat-likoor-en"],"jetpack_sharing_enabled":true,"_links":{"self":[{"href":"https:\/\/bahus.ee\/en\/wp-json\/wp\/v2\/product\/184609\/"}],"collection":[{"href":"https:\/\/bahus.ee\/en\/wp-json\/wp\/v2\/product\/"}],"about":[{"href":"https:\/\/bahus.ee\/en\/wp-json\/wp\/v2\/types\/product\/"}],"replies":[{"embeddable":true,"href":"https:\/\/bahus.ee\/en\/wp-json\/wp\/v2\/comments\/?post=184609"}],"wp:featuredmedia":[{"embeddable":true,"href":"https:\/\/bahus.ee\/en\/wp-json\/wp\/v2\/media\/184606\/"}],"wp:attachment":[{"href":"https:\/\/bahus.ee\/en\/wp-json\/wp\/v2\/media\/?parent=184609"}],"wp:term":[{"taxonomy":"product_cat","embeddable":true,"href":"https:\/\/bahus.ee\/en\/wp-json\/wp\/v2\/product_cat\/?post=184609"},{"taxonomy":"product_tag","embeddable":true,"href":"https:\/\/bahus.ee\/en\/wp-json\/wp\/v2\/product_tag\/?post=184609"}],"curies":[{"name":"wp","href":"https:\/\/api.w.org\/{rel}","templated":true}]}}