{"id":184601,"date":"2025-09-04T00:32:43","date_gmt":"2025-09-03T21:32:43","guid":{"rendered":"https:\/\/bahus.ee\/toode\/kirsi-likoor-50-cl-pet\/"},"modified":"2025-09-04T00:32:43","modified_gmt":"2025-09-03T21:32:43","slug":"kirsi-likoor-50-cl-pet","status":"publish","type":"product","link":"https:\/\/bahus.ee\/en\/toode\/kirsi-likoor-50-cl-pet\/","title":{"rendered":"Kirsi Lik\u00f6\u00f6r 50 Cl Pet"},"content":{"rendered":"<p>Lik\u00f6\u00f6r, 18%, 50 cl<\/p>\n","protected":false},"excerpt":{"rendered":"<p>Lik\u00f6\u00f6r, 18%, 50 cl<\/p>\n","protected":false},"featured_media":184598,"comment_status":"open","ping_status":"closed","template":"","meta":[],"product_cat":[4368],"product_tag":[],"class_list":["post-184601","product","type-product","status-publish","has-post-thumbnail","hentry","product_cat-likoor-en"],"jetpack_sharing_enabled":true,"_links":{"self":[{"href":"https:\/\/bahus.ee\/en\/wp-json\/wp\/v2\/product\/184601\/"}],"collection":[{"href":"https:\/\/bahus.ee\/en\/wp-json\/wp\/v2\/product\/"}],"about":[{"href":"https:\/\/bahus.ee\/en\/wp-json\/wp\/v2\/types\/product\/"}],"replies":[{"embeddable":true,"href":"https:\/\/bahus.ee\/en\/wp-json\/wp\/v2\/comments\/?post=184601"}],"wp:featuredmedia":[{"embeddable":true,"href":"https:\/\/bahus.ee\/en\/wp-json\/wp\/v2\/media\/184598\/"}],"wp:attachment":[{"href":"https:\/\/bahus.ee\/en\/wp-json\/wp\/v2\/media\/?parent=184601"}],"wp:term":[{"taxonomy":"product_cat","embeddable":true,"href":"https:\/\/bahus.ee\/en\/wp-json\/wp\/v2\/product_cat\/?post=184601"},{"taxonomy":"product_tag","embeddable":true,"href":"https:\/\/bahus.ee\/en\/wp-json\/wp\/v2\/product_tag\/?post=184601"}],"curies":[{"name":"wp","href":"https:\/\/api.w.org\/{rel}","templated":true}]}}