{"id":184585,"date":"2025-09-04T00:32:39","date_gmt":"2025-09-03T21:32:39","guid":{"rendered":"https:\/\/bahus.ee\/toode\/kiiu-torn-soolakaramell-koorelikoor-50-cl\/"},"modified":"2025-09-04T00:32:39","modified_gmt":"2025-09-03T21:32:39","slug":"kiiu-torn-soolakaramell-koorelikoor-50-cl","status":"publish","type":"product","link":"https:\/\/bahus.ee\/en\/toode\/kiiu-torn-soolakaramell-koorelikoor-50-cl\/","title":{"rendered":"Kiiu Torn Soolakaramell Koorelik\u00f6\u00f6r 50 Cl"},"content":{"rendered":"<p>Lik\u00f6\u00f6r, 16%, 50 cl<\/p>\n","protected":false},"excerpt":{"rendered":"<p>Lik\u00f6\u00f6r, 16%, 50 cl<\/p>\n","protected":false},"featured_media":184582,"comment_status":"open","ping_status":"closed","template":"","meta":[],"product_cat":[4368],"product_tag":[],"class_list":["post-184585","product","type-product","status-publish","has-post-thumbnail","hentry","product_cat-likoor-en"],"jetpack_sharing_enabled":true,"_links":{"self":[{"href":"https:\/\/bahus.ee\/en\/wp-json\/wp\/v2\/product\/184585\/"}],"collection":[{"href":"https:\/\/bahus.ee\/en\/wp-json\/wp\/v2\/product\/"}],"about":[{"href":"https:\/\/bahus.ee\/en\/wp-json\/wp\/v2\/types\/product\/"}],"replies":[{"embeddable":true,"href":"https:\/\/bahus.ee\/en\/wp-json\/wp\/v2\/comments\/?post=184585"}],"wp:featuredmedia":[{"embeddable":true,"href":"https:\/\/bahus.ee\/en\/wp-json\/wp\/v2\/media\/184582\/"}],"wp:attachment":[{"href":"https:\/\/bahus.ee\/en\/wp-json\/wp\/v2\/media\/?parent=184585"}],"wp:term":[{"taxonomy":"product_cat","embeddable":true,"href":"https:\/\/bahus.ee\/en\/wp-json\/wp\/v2\/product_cat\/?post=184585"},{"taxonomy":"product_tag","embeddable":true,"href":"https:\/\/bahus.ee\/en\/wp-json\/wp\/v2\/product_tag\/?post=184585"}],"curies":[{"name":"wp","href":"https:\/\/api.w.org\/{rel}","templated":true}]}}