{"id":184549,"date":"2025-09-04T00:32:31","date_gmt":"2025-09-03T21:32:31","guid":{"rendered":"https:\/\/bahus.ee\/toode\/giffard-sour-apple-ounalikoor-70-cl\/"},"modified":"2025-09-04T00:32:31","modified_gmt":"2025-09-03T21:32:31","slug":"giffard-sour-apple-ounalikoor-70-cl","status":"publish","type":"product","link":"https:\/\/bahus.ee\/en\/toode\/giffard-sour-apple-ounalikoor-70-cl\/","title":{"rendered":"Giffard Sour Apple \/ \u00d5unalik\u00f6\u00f6r 70 Cl"},"content":{"rendered":"<p>Lik\u00f6\u00f6r, 18%, 70 cl<\/p>\n","protected":false},"excerpt":{"rendered":"<p>Lik\u00f6\u00f6r, 18%, 70 cl<\/p>\n","protected":false},"featured_media":184546,"comment_status":"open","ping_status":"closed","template":"","meta":[],"product_cat":[4368],"product_tag":[],"class_list":["post-184549","product","type-product","status-publish","has-post-thumbnail","hentry","product_cat-likoor-en"],"jetpack_sharing_enabled":true,"_links":{"self":[{"href":"https:\/\/bahus.ee\/en\/wp-json\/wp\/v2\/product\/184549\/"}],"collection":[{"href":"https:\/\/bahus.ee\/en\/wp-json\/wp\/v2\/product\/"}],"about":[{"href":"https:\/\/bahus.ee\/en\/wp-json\/wp\/v2\/types\/product\/"}],"replies":[{"embeddable":true,"href":"https:\/\/bahus.ee\/en\/wp-json\/wp\/v2\/comments\/?post=184549"}],"wp:featuredmedia":[{"embeddable":true,"href":"https:\/\/bahus.ee\/en\/wp-json\/wp\/v2\/media\/184546\/"}],"wp:attachment":[{"href":"https:\/\/bahus.ee\/en\/wp-json\/wp\/v2\/media\/?parent=184549"}],"wp:term":[{"taxonomy":"product_cat","embeddable":true,"href":"https:\/\/bahus.ee\/en\/wp-json\/wp\/v2\/product_cat\/?post=184549"},{"taxonomy":"product_tag","embeddable":true,"href":"https:\/\/bahus.ee\/en\/wp-json\/wp\/v2\/product_tag\/?post=184549"}],"curies":[{"name":"wp","href":"https:\/\/api.w.org\/{rel}","templated":true}]}}