{"id":184545,"date":"2025-09-04T00:32:30","date_gmt":"2025-09-03T21:32:30","guid":{"rendered":"https:\/\/bahus.ee\/toode\/giffard-coffee-liqueur-kohvilikoor-70-cl\/"},"modified":"2025-09-04T00:32:30","modified_gmt":"2025-09-03T21:32:30","slug":"giffard-coffee-liqueur-kohvilikoor-70-cl","status":"publish","type":"product","link":"https:\/\/bahus.ee\/en\/toode\/giffard-coffee-liqueur-kohvilikoor-70-cl\/","title":{"rendered":"Giffard Coffee Liqueur \/ Kohvilik\u00f6\u00f6r 70 Cl"},"content":{"rendered":"<p>Lik\u00f6\u00f6r, 20%, 70 cl<\/p>\n","protected":false},"excerpt":{"rendered":"<p>Lik\u00f6\u00f6r, 20%, 70 cl<\/p>\n","protected":false},"featured_media":184542,"comment_status":"open","ping_status":"closed","template":"","meta":[],"product_cat":[4368],"product_tag":[],"class_list":["post-184545","product","type-product","status-publish","has-post-thumbnail","hentry","product_cat-likoor-en"],"jetpack_sharing_enabled":true,"_links":{"self":[{"href":"https:\/\/bahus.ee\/en\/wp-json\/wp\/v2\/product\/184545\/"}],"collection":[{"href":"https:\/\/bahus.ee\/en\/wp-json\/wp\/v2\/product\/"}],"about":[{"href":"https:\/\/bahus.ee\/en\/wp-json\/wp\/v2\/types\/product\/"}],"replies":[{"embeddable":true,"href":"https:\/\/bahus.ee\/en\/wp-json\/wp\/v2\/comments\/?post=184545"}],"wp:featuredmedia":[{"embeddable":true,"href":"https:\/\/bahus.ee\/en\/wp-json\/wp\/v2\/media\/184542\/"}],"wp:attachment":[{"href":"https:\/\/bahus.ee\/en\/wp-json\/wp\/v2\/media\/?parent=184545"}],"wp:term":[{"taxonomy":"product_cat","embeddable":true,"href":"https:\/\/bahus.ee\/en\/wp-json\/wp\/v2\/product_cat\/?post=184545"},{"taxonomy":"product_tag","embeddable":true,"href":"https:\/\/bahus.ee\/en\/wp-json\/wp\/v2\/product_tag\/?post=184545"}],"curies":[{"name":"wp","href":"https:\/\/api.w.org\/{rel}","templated":true}]}}