{"id":182681,"date":"2025-09-04T00:23:41","date_gmt":"2025-09-03T21:23:41","guid":{"rendered":"https:\/\/bahus.ee\/toode\/antvark-paljas-oun-2\/"},"modified":"2025-09-04T00:23:41","modified_gmt":"2025-09-03T21:23:41","slug":"antvark-paljas-oun-2","status":"publish","type":"product","link":"https:\/\/bahus.ee\/en\/toode\/antvark-paljas-oun-2\/","title":{"rendered":"Antv\u00e4rk Paljas \u00d5un"},"content":{"rendered":"<p>\u00d5lu, 4%, 1500 cl<\/p>\n","protected":false},"excerpt":{"rendered":"<p>\u00d5lu, 4%, 1500 cl<\/p>\n","protected":false},"featured_media":182678,"comment_status":"open","ping_status":"closed","template":"","meta":[],"product_cat":[4383],"product_tag":[],"class_list":["post-182681","product","type-product","status-publish","has-post-thumbnail","hentry","product_cat-olu-en"],"jetpack_sharing_enabled":true,"_links":{"self":[{"href":"https:\/\/bahus.ee\/en\/wp-json\/wp\/v2\/product\/182681\/"}],"collection":[{"href":"https:\/\/bahus.ee\/en\/wp-json\/wp\/v2\/product\/"}],"about":[{"href":"https:\/\/bahus.ee\/en\/wp-json\/wp\/v2\/types\/product\/"}],"replies":[{"embeddable":true,"href":"https:\/\/bahus.ee\/en\/wp-json\/wp\/v2\/comments\/?post=182681"}],"wp:featuredmedia":[{"embeddable":true,"href":"https:\/\/bahus.ee\/en\/wp-json\/wp\/v2\/media\/182678\/"}],"wp:attachment":[{"href":"https:\/\/bahus.ee\/en\/wp-json\/wp\/v2\/media\/?parent=182681"}],"wp:term":[{"taxonomy":"product_cat","embeddable":true,"href":"https:\/\/bahus.ee\/en\/wp-json\/wp\/v2\/product_cat\/?post=182681"},{"taxonomy":"product_tag","embeddable":true,"href":"https:\/\/bahus.ee\/en\/wp-json\/wp\/v2\/product_tag\/?post=182681"}],"curies":[{"name":"wp","href":"https:\/\/api.w.org\/{rel}","templated":true}]}}