{"id":182257,"date":"2025-09-04T00:19:51","date_gmt":"2025-09-03T21:19:51","guid":{"rendered":"https:\/\/bahus.ee\/toode\/antvark-paljas-oun\/"},"modified":"2025-09-04T00:19:51","modified_gmt":"2025-09-03T21:19:51","slug":"antvark-paljas-oun","status":"publish","type":"product","link":"https:\/\/bahus.ee\/en\/toode\/antvark-paljas-oun\/","title":{"rendered":"Antv\u00e4rk Paljas \u00d5un"},"content":{"rendered":"<p>\u00d5lu, 4%, 33 cl<\/p>\n","protected":false},"excerpt":{"rendered":"<p>\u00d5lu, 4%, 33 cl<\/p>\n","protected":false},"featured_media":182254,"comment_status":"open","ping_status":"closed","template":"","meta":[],"product_cat":[4383],"product_tag":[],"class_list":["post-182257","product","type-product","status-publish","has-post-thumbnail","hentry","product_cat-olu-en"],"jetpack_sharing_enabled":true,"_links":{"self":[{"href":"https:\/\/bahus.ee\/en\/wp-json\/wp\/v2\/product\/182257\/"}],"collection":[{"href":"https:\/\/bahus.ee\/en\/wp-json\/wp\/v2\/product\/"}],"about":[{"href":"https:\/\/bahus.ee\/en\/wp-json\/wp\/v2\/types\/product\/"}],"replies":[{"embeddable":true,"href":"https:\/\/bahus.ee\/en\/wp-json\/wp\/v2\/comments\/?post=182257"}],"wp:featuredmedia":[{"embeddable":true,"href":"https:\/\/bahus.ee\/en\/wp-json\/wp\/v2\/media\/182254\/"}],"wp:attachment":[{"href":"https:\/\/bahus.ee\/en\/wp-json\/wp\/v2\/media\/?parent=182257"}],"wp:term":[{"taxonomy":"product_cat","embeddable":true,"href":"https:\/\/bahus.ee\/en\/wp-json\/wp\/v2\/product_cat\/?post=182257"},{"taxonomy":"product_tag","embeddable":true,"href":"https:\/\/bahus.ee\/en\/wp-json\/wp\/v2\/product_tag\/?post=182257"}],"curies":[{"name":"wp","href":"https:\/\/api.w.org\/{rel}","templated":true}]}}