{"id":180082,"date":"2025-09-03T23:40:39","date_gmt":"2025-09-03T20:40:39","guid":{"rendered":"https:\/\/bahus.ee\/toode\/stroh-jagertee-40-50cl-tk\/"},"modified":"2025-09-03T23:40:39","modified_gmt":"2025-09-03T20:40:39","slug":"stroh-jagertee-40-50cl-tk","status":"publish","type":"product","link":"https:\/\/bahus.ee\/en\/toode\/stroh-jagertee-40-50cl-tk\/","title":{"rendered":"Stroh J\u00e4gertee 40% 50cl (tk)"},"content":{"rendered":"<p>Lik\u00f6\u00f6r, 40%, 50 cl<\/p>\n","protected":false},"excerpt":{"rendered":"<p>Lik\u00f6\u00f6r, 40%, 50 cl<\/p>\n","protected":false},"featured_media":180079,"comment_status":"open","ping_status":"closed","template":"","meta":[],"product_cat":[4368],"product_tag":[],"class_list":["post-180082","product","type-product","status-publish","has-post-thumbnail","hentry","product_cat-likoor-en"],"jetpack_sharing_enabled":true,"_links":{"self":[{"href":"https:\/\/bahus.ee\/en\/wp-json\/wp\/v2\/product\/180082\/"}],"collection":[{"href":"https:\/\/bahus.ee\/en\/wp-json\/wp\/v2\/product\/"}],"about":[{"href":"https:\/\/bahus.ee\/en\/wp-json\/wp\/v2\/types\/product\/"}],"replies":[{"embeddable":true,"href":"https:\/\/bahus.ee\/en\/wp-json\/wp\/v2\/comments\/?post=180082"}],"wp:featuredmedia":[{"embeddable":true,"href":"https:\/\/bahus.ee\/en\/wp-json\/wp\/v2\/media\/180079\/"}],"wp:attachment":[{"href":"https:\/\/bahus.ee\/en\/wp-json\/wp\/v2\/media\/?parent=180082"}],"wp:term":[{"taxonomy":"product_cat","embeddable":true,"href":"https:\/\/bahus.ee\/en\/wp-json\/wp\/v2\/product_cat\/?post=180082"},{"taxonomy":"product_tag","embeddable":true,"href":"https:\/\/bahus.ee\/en\/wp-json\/wp\/v2\/product_tag\/?post=180082"}],"curies":[{"name":"wp","href":"https:\/\/api.w.org\/{rel}","templated":true}]}}