{"id":177830,"date":"2025-09-03T23:31:25","date_gmt":"2025-09-03T20:31:25","guid":{"rendered":"https:\/\/bahus.ee\/toode\/blossa-2019-glogg-15-75cl-tk\/"},"modified":"2025-09-03T23:31:25","modified_gmt":"2025-09-03T20:31:25","slug":"blossa-2019-glogg-15-75cl-tk","status":"publish","type":"product","link":"https:\/\/bahus.ee\/en\/toode\/blossa-2019-glogg-15-75cl-tk\/","title":{"rendered":"Blossa 2019 Gl\u00f6gg 15% 75cl (tk)"},"content":{"rendered":"<p>H\u00f5\u00f5gvein, 15%, 75 cl<\/p>\n","protected":false},"excerpt":{"rendered":"<p>H\u00f5\u00f5gvein, 15%, 75 cl<\/p>\n","protected":false},"featured_media":177827,"comment_status":"open","ping_status":"closed","template":"","meta":[],"product_cat":[17462],"product_tag":[],"class_list":["post-177830","product","type-product","status-publish","has-post-thumbnail","hentry","product_cat-hoogvein"],"jetpack_sharing_enabled":true,"_links":{"self":[{"href":"https:\/\/bahus.ee\/en\/wp-json\/wp\/v2\/product\/177830\/"}],"collection":[{"href":"https:\/\/bahus.ee\/en\/wp-json\/wp\/v2\/product\/"}],"about":[{"href":"https:\/\/bahus.ee\/en\/wp-json\/wp\/v2\/types\/product\/"}],"replies":[{"embeddable":true,"href":"https:\/\/bahus.ee\/en\/wp-json\/wp\/v2\/comments\/?post=177830"}],"wp:featuredmedia":[{"embeddable":true,"href":"https:\/\/bahus.ee\/en\/wp-json\/wp\/v2\/media\/177827\/"}],"wp:attachment":[{"href":"https:\/\/bahus.ee\/en\/wp-json\/wp\/v2\/media\/?parent=177830"}],"wp:term":[{"taxonomy":"product_cat","embeddable":true,"href":"https:\/\/bahus.ee\/en\/wp-json\/wp\/v2\/product_cat\/?post=177830"},{"taxonomy":"product_tag","embeddable":true,"href":"https:\/\/bahus.ee\/en\/wp-json\/wp\/v2\/product_tag\/?post=177830"}],"curies":[{"name":"wp","href":"https:\/\/api.w.org\/{rel}","templated":true}]}}