{"id":177810,"date":"2025-09-03T23:31:22","date_gmt":"2025-09-03T20:31:22","guid":{"rendered":"https:\/\/bahus.ee\/toode\/a-le-coq-imperial-glogg-10-200cl\/"},"modified":"2025-09-03T23:31:22","modified_gmt":"2025-09-03T20:31:22","slug":"a-le-coq-imperial-glogg-10-200cl","status":"publish","type":"product","link":"https:\/\/bahus.ee\/en\/toode\/a-le-coq-imperial-glogg-10-200cl\/","title":{"rendered":"A.le Coq Imperial Gl\u00f6gg 10% 200cl"},"content":{"rendered":"<p>H\u00f5\u00f5gvein, 10%, 200 cl<\/p>\n","protected":false},"excerpt":{"rendered":"<p>H\u00f5\u00f5gvein, 10%, 200 cl<\/p>\n","protected":false},"featured_media":177807,"comment_status":"open","ping_status":"closed","template":"","meta":[],"product_cat":[17462],"product_tag":[],"class_list":["post-177810","product","type-product","status-publish","has-post-thumbnail","hentry","product_cat-hoogvein"],"jetpack_sharing_enabled":true,"_links":{"self":[{"href":"https:\/\/bahus.ee\/en\/wp-json\/wp\/v2\/product\/177810\/"}],"collection":[{"href":"https:\/\/bahus.ee\/en\/wp-json\/wp\/v2\/product\/"}],"about":[{"href":"https:\/\/bahus.ee\/en\/wp-json\/wp\/v2\/types\/product\/"}],"replies":[{"embeddable":true,"href":"https:\/\/bahus.ee\/en\/wp-json\/wp\/v2\/comments\/?post=177810"}],"wp:featuredmedia":[{"embeddable":true,"href":"https:\/\/bahus.ee\/en\/wp-json\/wp\/v2\/media\/177807\/"}],"wp:attachment":[{"href":"https:\/\/bahus.ee\/en\/wp-json\/wp\/v2\/media\/?parent=177810"}],"wp:term":[{"taxonomy":"product_cat","embeddable":true,"href":"https:\/\/bahus.ee\/en\/wp-json\/wp\/v2\/product_cat\/?post=177810"},{"taxonomy":"product_tag","embeddable":true,"href":"https:\/\/bahus.ee\/en\/wp-json\/wp\/v2\/product_tag\/?post=177810"}],"curies":[{"name":"wp","href":"https:\/\/api.w.org\/{rel}","templated":true}]}}