{"id":173146,"date":"2025-09-03T23:09:37","date_gmt":"2025-09-03T20:09:37","guid":{"rendered":"https:\/\/bahus.ee\/toode\/marques-de-grinon-cava-organic-brut-rose\/"},"modified":"2025-09-03T23:09:37","modified_gmt":"2025-09-03T20:09:37","slug":"marques-de-grinon-cava-organic-brut-rose","status":"publish","type":"product","link":"https:\/\/bahus.ee\/en\/toode\/marques-de-grinon-cava-organic-brut-rose\/","title":{"rendered":"Marqu\u00e9s de Gri\u00f1\u00f3n Cava Organic Brut Ros\u00e9"},"content":{"rendered":"<p>Vahuveinid, 12%, 75 cl<\/p>\n","protected":false},"excerpt":{"rendered":"<p>Vahuveinid, 12%, 75 cl<\/p>\n","protected":false},"featured_media":173143,"comment_status":"open","ping_status":"closed","template":"","meta":[],"product_cat":[10566],"product_tag":[],"class_list":["post-173146","product","type-product","status-publish","has-post-thumbnail","hentry","product_cat-vahuveinvahuveins"],"jetpack_sharing_enabled":true,"_links":{"self":[{"href":"https:\/\/bahus.ee\/en\/wp-json\/wp\/v2\/product\/173146\/"}],"collection":[{"href":"https:\/\/bahus.ee\/en\/wp-json\/wp\/v2\/product\/"}],"about":[{"href":"https:\/\/bahus.ee\/en\/wp-json\/wp\/v2\/types\/product\/"}],"replies":[{"embeddable":true,"href":"https:\/\/bahus.ee\/en\/wp-json\/wp\/v2\/comments\/?post=173146"}],"wp:featuredmedia":[{"embeddable":true,"href":"https:\/\/bahus.ee\/en\/wp-json\/wp\/v2\/media\/173143\/"}],"wp:attachment":[{"href":"https:\/\/bahus.ee\/en\/wp-json\/wp\/v2\/media\/?parent=173146"}],"wp:term":[{"taxonomy":"product_cat","embeddable":true,"href":"https:\/\/bahus.ee\/en\/wp-json\/wp\/v2\/product_cat\/?post=173146"},{"taxonomy":"product_tag","embeddable":true,"href":"https:\/\/bahus.ee\/en\/wp-json\/wp\/v2\/product_tag\/?post=173146"}],"curies":[{"name":"wp","href":"https:\/\/api.w.org\/{rel}","templated":true}]}}