{"id":167012,"date":"2025-09-03T22:43:30","date_gmt":"2025-09-03T19:43:30","guid":{"rendered":"https:\/\/bahus.ee\/toode\/wolu-glogi-75cl\/"},"modified":"2025-09-03T22:43:30","modified_gmt":"2025-09-03T19:43:30","slug":"wolu-glogi-75cl","status":"publish","type":"product","link":"https:\/\/bahus.ee\/en\/toode\/wolu-glogi-75cl\/","title":{"rendered":"W\u00f5lu Gl\u00f6gi 75cl"},"content":{"rendered":"<p>H\u00f5\u00f5gvein, 14%, 75 cl, Red, European Union<\/p>\n","protected":false},"excerpt":{"rendered":"<p>H\u00f5\u00f5gvein, 14%, 75 cl, Red, European Union<\/p>\n","protected":false},"featured_media":167009,"comment_status":"open","ping_status":"closed","template":"","meta":[],"product_cat":[17462],"product_tag":[],"class_list":["post-167012","product","type-product","status-publish","has-post-thumbnail","hentry","product_cat-hoogvein"],"jetpack_sharing_enabled":true,"_links":{"self":[{"href":"https:\/\/bahus.ee\/en\/wp-json\/wp\/v2\/product\/167012\/"}],"collection":[{"href":"https:\/\/bahus.ee\/en\/wp-json\/wp\/v2\/product\/"}],"about":[{"href":"https:\/\/bahus.ee\/en\/wp-json\/wp\/v2\/types\/product\/"}],"replies":[{"embeddable":true,"href":"https:\/\/bahus.ee\/en\/wp-json\/wp\/v2\/comments\/?post=167012"}],"wp:featuredmedia":[{"embeddable":true,"href":"https:\/\/bahus.ee\/en\/wp-json\/wp\/v2\/media\/167009\/"}],"wp:attachment":[{"href":"https:\/\/bahus.ee\/en\/wp-json\/wp\/v2\/media\/?parent=167012"}],"wp:term":[{"taxonomy":"product_cat","embeddable":true,"href":"https:\/\/bahus.ee\/en\/wp-json\/wp\/v2\/product_cat\/?post=167012"},{"taxonomy":"product_tag","embeddable":true,"href":"https:\/\/bahus.ee\/en\/wp-json\/wp\/v2\/product_tag\/?post=167012"}],"curies":[{"name":"wp","href":"https:\/\/api.w.org\/{rel}","templated":true}]}}