{"id":163847,"date":"2025-08-06T14:40:19","date_gmt":"2025-08-06T11:40:19","guid":{"rendered":"https:\/\/bahus.ee\/?post_type=product&#038;p=163847"},"modified":"2025-08-06T14:50:52","modified_gmt":"2025-08-06T11:50:52","slug":"de-bernard-prosecco-doc-rose-brut","status":"publish","type":"product","link":"https:\/\/bahus.ee\/en\/toode\/de-bernard-prosecco-doc-rose-brut\/","title":{"rendered":"De Bernard Prosecco DOC Ros\u00e9 Brut"},"content":{"rendered":"<p>De Bernard Prosecco DOC Ros\u00e9 Brut is an Italian sparkling ros\u00e9 made primarily from Glera and Pinot Noir grapes. It features delicate bubbles and aromas of red berries, wildflowers, and a hint of citrus. The palate is crisp and elegant with notes of strawberry and a refreshing, dry finish. Ideal as an aperitif or with light dishes.<\/p>\n","protected":false},"excerpt":{"rendered":"<p>De Bernard Prosecco DOC Ros\u00e9 Brut is an Italian sparkling ros\u00e9 made primarily from Glera and Pinot Noir grapes. It<\/p>\n","protected":false},"featured_media":163848,"comment_status":"closed","ping_status":"closed","template":"","meta":[],"product_cat":[4397],"product_tag":[],"class_list":["post-163847","product","type-product","status-publish","has-post-thumbnail","hentry","product_cat-vahuvein-en","pa_alkoholisisaldus-ja-maht-maht0-75-alkoholisisaldus11","pa_paritolumaa-it-italy","pa_stiil-dry"],"jetpack_sharing_enabled":true,"_links":{"self":[{"href":"https:\/\/bahus.ee\/en\/wp-json\/wp\/v2\/product\/163847\/"}],"collection":[{"href":"https:\/\/bahus.ee\/en\/wp-json\/wp\/v2\/product\/"}],"about":[{"href":"https:\/\/bahus.ee\/en\/wp-json\/wp\/v2\/types\/product\/"}],"replies":[{"embeddable":true,"href":"https:\/\/bahus.ee\/en\/wp-json\/wp\/v2\/comments\/?post=163847"}],"wp:featuredmedia":[{"embeddable":true,"href":"https:\/\/bahus.ee\/en\/wp-json\/wp\/v2\/media\/163848\/"}],"wp:attachment":[{"href":"https:\/\/bahus.ee\/en\/wp-json\/wp\/v2\/media\/?parent=163847"}],"wp:term":[{"taxonomy":"product_cat","embeddable":true,"href":"https:\/\/bahus.ee\/en\/wp-json\/wp\/v2\/product_cat\/?post=163847"},{"taxonomy":"product_tag","embeddable":true,"href":"https:\/\/bahus.ee\/en\/wp-json\/wp\/v2\/product_tag\/?post=163847"}],"curies":[{"name":"wp","href":"https:\/\/api.w.org\/{rel}","templated":true}]}}