{"id":162833,"date":"2025-06-28T10:43:49","date_gmt":"2025-06-28T07:43:49","guid":{"rendered":"https:\/\/bahus.ee\/?post_type=product&#038;p=162833"},"modified":"2025-06-28T10:43:49","modified_gmt":"2025-06-28T07:43:49","slug":"kana-caesari-rull","status":"publish","type":"product","link":"https:\/\/bahus.ee\/en\/toode\/kana-caesari-rull\/","title":{"rendered":"Kana Caesari Rull"},"content":{"rendered":"<p>Nori, sushi riis, avokaado, kanafilee, j\u00e4\u00e4salat, tomat, panko, majap\u00e4rane k\u00fc\u00fcslaugukaste<\/p>\n","protected":false},"excerpt":{"rendered":"<p>Nori, sushi riis, avokaado, kanafilee, j\u00e4\u00e4salat, tomat, panko, majap\u00e4rane k\u00fc\u00fcslaugukaste<\/p>\n","protected":false},"featured_media":162834,"comment_status":"closed","ping_status":"closed","template":"","meta":[],"product_cat":[17437],"product_tag":[],"class_list":["post-162833","product","type-product","status-publish","has-post-thumbnail","hentry","product_cat-uus-sushi-menuu"],"jetpack_sharing_enabled":true,"_links":{"self":[{"href":"https:\/\/bahus.ee\/en\/wp-json\/wp\/v2\/product\/162833\/"}],"collection":[{"href":"https:\/\/bahus.ee\/en\/wp-json\/wp\/v2\/product\/"}],"about":[{"href":"https:\/\/bahus.ee\/en\/wp-json\/wp\/v2\/types\/product\/"}],"replies":[{"embeddable":true,"href":"https:\/\/bahus.ee\/en\/wp-json\/wp\/v2\/comments\/?post=162833"}],"wp:featuredmedia":[{"embeddable":true,"href":"https:\/\/bahus.ee\/en\/wp-json\/wp\/v2\/media\/162834\/"}],"wp:attachment":[{"href":"https:\/\/bahus.ee\/en\/wp-json\/wp\/v2\/media\/?parent=162833"}],"wp:term":[{"taxonomy":"product_cat","embeddable":true,"href":"https:\/\/bahus.ee\/en\/wp-json\/wp\/v2\/product_cat\/?post=162833"},{"taxonomy":"product_tag","embeddable":true,"href":"https:\/\/bahus.ee\/en\/wp-json\/wp\/v2\/product_tag\/?post=162833"}],"curies":[{"name":"wp","href":"https:\/\/api.w.org\/{rel}","templated":true}]}}