{"id":162547,"date":"2025-06-16T15:12:11","date_gmt":"2025-06-16T12:12:11","guid":{"rendered":"https:\/\/bahus.ee\/?post_type=product&#038;p=162547"},"modified":"2025-06-16T15:12:12","modified_gmt":"2025-06-16T12:12:12","slug":"hobe-mahe","status":"publish","type":"product","link":"https:\/\/bahus.ee\/en\/toode\/hobe-mahe\/","title":{"rendered":"H\u00f5be Mahe"},"content":{"rendered":"<p><span class=\"relative -mx-px my-[-0.2rem] rounded px-px py-[0.2rem] transition-colors duration-100 ease-in-out\">H\u00f5be Mahe on Eesti kvaliteetviin, mille valmistamisel kasutatakse ainult maheteravilja.<\/span> <span class=\"relative -mx-px my-[-0.2rem] rounded px-px py-[0.2rem] transition-colors duration-100 ease-in-out\">Viin l\u00e4bib kolmeastmelise kaskaadfiltreerimise, alustades s\u00f6efiltrist, seej\u00e4rel 29 h\u00f5befiltrielemendist koosneva s\u00fcsteemi kaudu ning l\u00f5ppviimistlusena poleerimisfiltrist, tagades viinale erakordse puhtuse ja kirkuse.<\/span> <span class=\"relative -mx-px my-[-0.2rem] rounded px-px py-[0.2rem] transition-colors duration-100 ease-in-out\">Tulemuseks on tasakaalustatud ja puhas maitseelamus.<\/span> <span class=\"relative -mx-px my-[-0.2rem] rounded px-px py-[0.2rem] transition-colors duration-100 ease-in-out\">Soovitatav serveerida jahutatult temperatuuril 5\u202f\u00b0C, et esile tuua viina aroomi ja maitseomadused.<\/span><\/p>\n","protected":false},"excerpt":{"rendered":"<p>H\u00f5be Mahe on Eesti kvaliteetviin, mille valmistamisel kasutatakse ainult maheteravilja. Viin l\u00e4bib kolmeastmelise kaskaadfiltreerimise, alustades s\u00f6efiltrist, seej\u00e4rel 29 h\u00f5befiltrielemendist koosneva<\/p>\n","protected":false},"featured_media":0,"comment_status":"closed","ping_status":"closed","template":"","meta":[],"product_cat":[4372],"product_tag":[],"class_list":["post-162547","product","type-product","status-publish","hentry","product_cat-viin-en","pa_alkoholisisaldus-ja-maht-maht0-7l-alkoholisisaldus39-2","pa_paritolumaa-eesti-en"],"jetpack_sharing_enabled":true,"_links":{"self":[{"href":"https:\/\/bahus.ee\/en\/wp-json\/wp\/v2\/product\/162547\/"}],"collection":[{"href":"https:\/\/bahus.ee\/en\/wp-json\/wp\/v2\/product\/"}],"about":[{"href":"https:\/\/bahus.ee\/en\/wp-json\/wp\/v2\/types\/product\/"}],"replies":[{"embeddable":true,"href":"https:\/\/bahus.ee\/en\/wp-json\/wp\/v2\/comments\/?post=162547"}],"wp:attachment":[{"href":"https:\/\/bahus.ee\/en\/wp-json\/wp\/v2\/media\/?parent=162547"}],"wp:term":[{"taxonomy":"product_cat","embeddable":true,"href":"https:\/\/bahus.ee\/en\/wp-json\/wp\/v2\/product_cat\/?post=162547"},{"taxonomy":"product_tag","embeddable":true,"href":"https:\/\/bahus.ee\/en\/wp-json\/wp\/v2\/product_tag\/?post=162547"}],"curies":[{"name":"wp","href":"https:\/\/api.w.org\/{rel}","templated":true}]}}