{"id":161710,"date":"2025-05-25T21:40:32","date_gmt":"2025-05-25T18:40:32","guid":{"rendered":"https:\/\/bahus.ee\/?post_type=product&#038;p=161710"},"modified":"2025-05-25T21:40:32","modified_gmt":"2025-05-25T18:40:32","slug":"flor-de-cana-extra-seco-reserva-no-4","status":"publish","type":"product","link":"https:\/\/bahus.ee\/en\/toode\/flor-de-cana-extra-seco-reserva-no-4\/","title":{"rendered":"Flor de Cana Extra Seco Reserva No-4"},"content":{"rendered":"<p>Flor de Ca\u00f1a Extra Seco 4 A\u00f1os is a Nicaraguan white rum produced by Compa\u00f1\u00eda Licorera de Nicaragua. <span class=\"relative -mx-px my-[-0.2rem] rounded px-px py-[0.2rem] transition-colors duration-100 ease-in-out\">Distilled from molasses and aged for four years in ex-bourbon barrels, it is then charcoal-filtered to achieve its clear appearance.<\/span> <span class=\"relative -mx-px my-[-0.2rem] rounded px-px py-[0.2rem] transition-colors duration-100 ease-in-out\">The nose offers aromas of sweet almonds and vanilla, while the palate presents notes of white chocolate and orange essence, culminating in a dry finish<\/span> . <span class=\"relative -mx-px my-[-0.2rem] rounded px-px py-[0.2rem] transition-colors duration-100 ease-in-out\">This light-bodied rum is ideal for cocktails like Mojitos and Daiquiris, though its pronounced alcohol and spice notes may be overpowering when sipped neat<\/span><\/p>\n","protected":false},"excerpt":{"rendered":"<p>Flor de Ca\u00f1a Extra Seco 4 A\u00f1os is a Nicaraguan white rum produced by Compa\u00f1\u00eda Licorera de Nicaragua. Distilled from<\/p>\n","protected":false},"featured_media":161711,"comment_status":"closed","ping_status":"closed","template":"","meta":[],"product_cat":[4369],"product_tag":[],"class_list":["post-161710","product","type-product","status-publish","has-post-thumbnail","hentry","product_cat-rumm-en","pa_alkoholisisaldus-ja-maht-maht1l-alkoholisisaldus40","pa_paritolumaa-nicaragua","pa_stiil-dry"],"jetpack_sharing_enabled":true,"_links":{"self":[{"href":"https:\/\/bahus.ee\/en\/wp-json\/wp\/v2\/product\/161710\/"}],"collection":[{"href":"https:\/\/bahus.ee\/en\/wp-json\/wp\/v2\/product\/"}],"about":[{"href":"https:\/\/bahus.ee\/en\/wp-json\/wp\/v2\/types\/product\/"}],"replies":[{"embeddable":true,"href":"https:\/\/bahus.ee\/en\/wp-json\/wp\/v2\/comments\/?post=161710"}],"wp:featuredmedia":[{"embeddable":true,"href":"https:\/\/bahus.ee\/en\/wp-json\/wp\/v2\/media\/161711\/"}],"wp:attachment":[{"href":"https:\/\/bahus.ee\/en\/wp-json\/wp\/v2\/media\/?parent=161710"}],"wp:term":[{"taxonomy":"product_cat","embeddable":true,"href":"https:\/\/bahus.ee\/en\/wp-json\/wp\/v2\/product_cat\/?post=161710"},{"taxonomy":"product_tag","embeddable":true,"href":"https:\/\/bahus.ee\/en\/wp-json\/wp\/v2\/product_tag\/?post=161710"}],"curies":[{"name":"wp","href":"https:\/\/api.w.org\/{rel}","templated":true}]}}