{"id":160394,"date":"2025-05-10T20:59:23","date_gmt":"2025-05-10T17:59:23","guid":{"rendered":"https:\/\/bahus.ee\/?post_type=product&#038;p=160394"},"modified":"2025-05-10T20:59:23","modified_gmt":"2025-05-10T17:59:23","slug":"torley-cuvee-rouge-2","status":"publish","type":"product","link":"https:\/\/bahus.ee\/en\/toode\/torley-cuvee-rouge-2\/","title":{"rendered":"Torley Cuvee Rouge"},"content":{"rendered":"<p><span class=\"relative -mx-px my-[-0.2rem] rounded px-px py-[0.2rem] transition-colors duration-100 ease-in-out\">T\u00f6rley Cuv\u00e9e Rouge is a semi-sweet red wine from Hungary&#8217;s Etyek-Buda region, produced by the renowned T\u00f6rley winery.<\/span> <span class=\"relative -mx-px my-[-0.2rem] rounded px-px py-[0.2rem] transition-colors duration-100 ease-in-out\">Crafted from a blend of grape varieties including Cabernet Franc, Cabernet Sauvignon, K\u00e9kfrankos, Merlot, Pinot Noir, and Shiraz, this wine offers a harmonious balance of fruitiness and subtle spice.<\/span> <span class=\"relative -mx-px my-[-0.2rem] rounded px-px py-[0.2rem] transition-colors duration-100 ease-in-out\">With an alcohol content of 12.5%, it presents flavors of ripe berries and a juicy, fruity profile, making it an excellent companion to grilled dishes, cheeses, and pizza<\/span> .<\/p>\n","protected":false},"excerpt":{"rendered":"<p>T\u00f6rley Cuv\u00e9e Rouge is a semi-sweet red wine from Hungary&#8217;s Etyek-Buda region, produced by the renowned T\u00f6rley winery. Crafted from<\/p>\n","protected":false},"featured_media":160395,"comment_status":"closed","ping_status":"closed","template":"","meta":[],"product_cat":[13411],"product_tag":[],"class_list":["post-160394","product","type-product","status-publish","has-post-thumbnail","hentry","product_cat-punane-vein","pa_alkoholisisaldus-ja-maht-maht0-75l-alkoholisisaldus12","pa_paritolumaa-hu-hungary","pa_stiil-semi-sweet"],"jetpack_sharing_enabled":true,"_links":{"self":[{"href":"https:\/\/bahus.ee\/en\/wp-json\/wp\/v2\/product\/160394\/"}],"collection":[{"href":"https:\/\/bahus.ee\/en\/wp-json\/wp\/v2\/product\/"}],"about":[{"href":"https:\/\/bahus.ee\/en\/wp-json\/wp\/v2\/types\/product\/"}],"replies":[{"embeddable":true,"href":"https:\/\/bahus.ee\/en\/wp-json\/wp\/v2\/comments\/?post=160394"}],"wp:featuredmedia":[{"embeddable":true,"href":"https:\/\/bahus.ee\/en\/wp-json\/wp\/v2\/media\/160395\/"}],"wp:attachment":[{"href":"https:\/\/bahus.ee\/en\/wp-json\/wp\/v2\/media\/?parent=160394"}],"wp:term":[{"taxonomy":"product_cat","embeddable":true,"href":"https:\/\/bahus.ee\/en\/wp-json\/wp\/v2\/product_cat\/?post=160394"},{"taxonomy":"product_tag","embeddable":true,"href":"https:\/\/bahus.ee\/en\/wp-json\/wp\/v2\/product_tag\/?post=160394"}],"curies":[{"name":"wp","href":"https:\/\/api.w.org\/{rel}","templated":true}]}}