{"id":160232,"date":"2025-05-10T11:25:15","date_gmt":"2025-05-10T08:25:15","guid":{"rendered":"https:\/\/bahus.ee\/?post_type=product&#038;p=160232"},"modified":"2025-05-10T11:25:15","modified_gmt":"2025-05-10T08:25:15","slug":"family-reserve-mustsostar","status":"publish","type":"product","link":"https:\/\/bahus.ee\/en\/toode\/family-reserve-mustsostar\/","title":{"rendered":"Family Reserve Musts\u00f5star"},"content":{"rendered":"<p><span class=\"relative -mx-px my-[-0.2rem] rounded px-px py-[0.2rem] transition-colors duration-100 ease-in-out\">Family Reserve Musts\u00f5star on Eesti k\u00e4sit\u00f6\u00f6na valminud kuiv punane marjavein, mis on valmistatud musts\u00f5stardest ja arooniatest.<\/span> <span class=\"relative -mx-px my-[-0.2rem] rounded px-px py-[0.2rem] transition-colors duration-100 ease-in-out\">Veinil on s\u00fcgav punakaspruun v\u00e4rvus ning aroomis domineerivad musts\u00f5stra ja mustika noodid, millele lisanduvad aroonia, tubaka suits ja r\u00e4nikivi intensiivsus.<\/span> <span class=\"relative -mx-px my-[-0.2rem] rounded px-px py-[0.2rem] transition-colors duration-100 ease-in-out\">Maitse on tugev, puidune ja t\u00e4idlane, mida toetab tumedate marjade v\u00e4rskendav hape; aereerides muutuvad tanniinid siidisemaks ning marjasus toetab veini lopsakust.<\/span><\/p>\n","protected":false},"excerpt":{"rendered":"<p>Family Reserve Musts\u00f5star on Eesti k\u00e4sit\u00f6\u00f6na valminud kuiv punane marjavein, mis on valmistatud musts\u00f5stardest ja arooniatest. Veinil on s\u00fcgav punakaspruun<\/p>\n","protected":false},"featured_media":160233,"comment_status":"closed","ping_status":"closed","template":"","meta":[],"product_cat":[13411],"product_tag":[],"class_list":["post-160232","product","type-product","status-publish","has-post-thumbnail","hentry","product_cat-punane-vein","pa_alkoholisisaldus-ja-maht-maht0-75l-alkoholisisaldus12-9","pa_paritolumaa-eesti-en","pa_stiil-dry"],"jetpack_sharing_enabled":true,"_links":{"self":[{"href":"https:\/\/bahus.ee\/en\/wp-json\/wp\/v2\/product\/160232\/"}],"collection":[{"href":"https:\/\/bahus.ee\/en\/wp-json\/wp\/v2\/product\/"}],"about":[{"href":"https:\/\/bahus.ee\/en\/wp-json\/wp\/v2\/types\/product\/"}],"replies":[{"embeddable":true,"href":"https:\/\/bahus.ee\/en\/wp-json\/wp\/v2\/comments\/?post=160232"}],"wp:featuredmedia":[{"embeddable":true,"href":"https:\/\/bahus.ee\/en\/wp-json\/wp\/v2\/media\/160233\/"}],"wp:attachment":[{"href":"https:\/\/bahus.ee\/en\/wp-json\/wp\/v2\/media\/?parent=160232"}],"wp:term":[{"taxonomy":"product_cat","embeddable":true,"href":"https:\/\/bahus.ee\/en\/wp-json\/wp\/v2\/product_cat\/?post=160232"},{"taxonomy":"product_tag","embeddable":true,"href":"https:\/\/bahus.ee\/en\/wp-json\/wp\/v2\/product_tag\/?post=160232"}],"curies":[{"name":"wp","href":"https:\/\/api.w.org\/{rel}","templated":true}]}}