{"id":159355,"date":"2025-03-28T20:45:36","date_gmt":"2025-03-28T18:45:36","guid":{"rendered":"https:\/\/bahus.ee\/?post_type=product&#038;p=159355"},"modified":"2025-03-28T20:45:36","modified_gmt":"2025-03-28T18:45:36","slug":"chateau-magnol-haut-medoc-2018","status":"publish","type":"product","link":"https:\/\/bahus.ee\/en\/toode\/chateau-magnol-haut-medoc-2018\/","title":{"rendered":"Chateau Magnol Haut Medoc 2018"},"content":{"rendered":"<p class=\"\" data-start=\"0\" data-end=\"265\">Ch\u00e2teau Magnol Haut-M\u00e9doc 2018 is a well-structured and elegant red wine from the Haut-M\u00e9doc region in Bordeaux. It features rich flavors of dark fruits like blackcurrant and plum, with notes of cedar, tobacco, and subtle spice, leading to a smooth, refined finish.<\/p>\n","protected":false},"excerpt":{"rendered":"<p>Ch\u00e2teau Magnol Haut-M\u00e9doc 2018 is a well-structured and elegant red wine from the Haut-M\u00e9doc region in Bordeaux. It features rich<\/p>\n","protected":false},"featured_media":159356,"comment_status":"closed","ping_status":"closed","template":"","meta":[],"product_cat":[13411],"product_tag":[],"class_list":["post-159355","product","type-product","status-publish","has-post-thumbnail","hentry","product_cat-punane-vein","pa_alkoholisisaldus-ja-maht-maht0-75-alkoholisisaldus13-5","pa_paritolumaa-fr-france","pa_stiil-dry"],"jetpack_sharing_enabled":true,"_links":{"self":[{"href":"https:\/\/bahus.ee\/en\/wp-json\/wp\/v2\/product\/159355\/"}],"collection":[{"href":"https:\/\/bahus.ee\/en\/wp-json\/wp\/v2\/product\/"}],"about":[{"href":"https:\/\/bahus.ee\/en\/wp-json\/wp\/v2\/types\/product\/"}],"replies":[{"embeddable":true,"href":"https:\/\/bahus.ee\/en\/wp-json\/wp\/v2\/comments\/?post=159355"}],"wp:featuredmedia":[{"embeddable":true,"href":"https:\/\/bahus.ee\/en\/wp-json\/wp\/v2\/media\/159356\/"}],"wp:attachment":[{"href":"https:\/\/bahus.ee\/en\/wp-json\/wp\/v2\/media\/?parent=159355"}],"wp:term":[{"taxonomy":"product_cat","embeddable":true,"href":"https:\/\/bahus.ee\/en\/wp-json\/wp\/v2\/product_cat\/?post=159355"},{"taxonomy":"product_tag","embeddable":true,"href":"https:\/\/bahus.ee\/en\/wp-json\/wp\/v2\/product_tag\/?post=159355"}],"curies":[{"name":"wp","href":"https:\/\/api.w.org\/{rel}","templated":true}]}}